{"id":23290,"date":"2023-08-27T13:58:18","date_gmt":"2023-08-27T13:58:18","guid":{"rendered":"https:\/\/drpreema.com\/?page_id=23290"},"modified":"2025-05-23T17:23:50","modified_gmt":"2025-05-23T17:23:50","slug":"stammzellen","status":"publish","type":"page","link":"https:\/\/drpreema.com\/de\/behandlungen\/gesicht\/stammzellen\/","title":{"rendered":"STAMMZELLEN &amp; EXOSOME"},"content":{"rendered":"<p>[et_pb_section fb_built=\u201d1\u2033 theme_builder_area=\u201dpost_content\u201d _builder_version=\u201d4.14.2\u2033 _module_preset=\u201ddefault\u201d custom_padding=\u201d||0px|||\u201d min_height=\u201d186px\u201d custom_margin=\u201d||-61px|||\u201d da_is_popup=\u201daus\u201d da_exit_intent=\u201daus\u201d da_has_close=\u201dan\u201d da_alt_close=\u201daus\u201d da_dark_close=\u201daus\u201d da_not_modal=\u201dan\u201d da_is_singular=\u201daus\u201d da_with_loader=\u201daus\u201d da_has_shadow=\u201dan\u201d da_disable_devices=\u201daus|aus|aus\u201d][et_pb_row _builder_version=\u201d4.14.2\u2033 _module_preset=\u201ddefault\u201d theme_builder_area=\u201dpost_content\u201d min_height=\u201d39px\u201d][et_pb_column _builder_version=\u201d4.14.2\u2033 _module_preset=\u201ddefault\u201d type=\u201d4_4\u2033 theme_builder_area=\u201dpost_content\u201d][et_pb_text _builder_version=\u201d4.14.2\u2033 _module_preset=\u201ddefault\u201d header_font_size=\u201d40px\u201d hover_enabled=\u201d0\u2033 sticky_enabled=\u201d0\u2033 theme_builder_area=\u201dpost_content\u201d]<\/p>\n<h1>Stammzellen und Exosomen<\/h1>\n<p>[\/et_pb_text][\/et_pb_column][\/et_pb_row][\/et_pb_section][et_pb_section fb_built=\u201d1\u2033 admin_label=\u201dDienste\u201d _builder_version=\u201d3.22\u2033 da_disable_devices=\u201daus|aus|aus\u201d global_colors_info=\u201d{}\u201d use_background_color_gradient__hover=\u201daus\u201d use_background_color_gradient__hover_enabled=\u201daus\u201d background_color_gradient_start__hover=\u201d#2b87da\u201d background_color_gradient_start__hover_enabled=\u201d#2b87da\u201d background_color_gradient_end__hover=\u201d#29c4a9\u2033 background_color_gradient_end__hover_enabled=\u201d#29c4a9\u2033 Hintergrundfarbverlaufstyp__hover=\u201dlinear\u201d Hintergrundfarbverlaufstyp__hover_aktiviert=\u201dlinear\u201d Hintergrundfarbverlaufsrichtung__hover=\u201d180 Grad\u201d Hintergrundfarbverlaufsrichtung__hover_aktiviert=\u201d180 Grad\u201d Hintergrundfarbverlaufsrichtung_radial__hover=\u201dMitte\u201d Hintergrundfarbverlaufsrichtung_radial__hover_aktiviert=\u201dMitte\u201d Hintergrundfarbverlaufsstartposition__hover=\u201d0%\u201d Hintergrundfarbverlaufsstartposition__hover_aktiviert=\u201d0%\u201d Hintergrundfarbverlaufsendposition__hover=\u201d100%\u201d Hintergrundfarbverlaufsendposition__hover_aktiviert=\u201d100%\u201d Hintergrundfarbverlaufs\u00fcberlagerungsbild__hover=\u201daus\u201d background_color_gradient_overlays_image__hover_enabled=\u201daus\u201d parallax__hover=\u201daus\u201d parallax__hover_enabled=\u201daus\u201d parallax_method__hover=\u201dan\u201d parallax_method__hover_enabled=\u201dan\u201d background_size__hover=\u201dcover\u201d background_size__hover_enabled=\u201dcover\u201d background_position__hover=\u201dzentriert\u201d background_position__hover_enabled=\u201dzentriert\u201d background_repeat__hover=\u201dkeine Wiederholung\u201d background_repeat__hover_enabled=\u201dkeine Wiederholung\u201d background_blend__hover=\u201dnormal\u201d background_blend__hover_enabled=\u201dnormal\u201d allow_player_pause__hover=\u201daus\u201d allow_player_pause__hover_enabled=\u201daus\u201d background_video_pause_outside_viewport__hover=\u201dan\u201d background_video_pause_outside_viewport__hover_enabled=\u201dan\u201d da_is_popup=\u201daus\u201d da_exit_intent=\u201daus\u201d da_has_close=\u201dan\u201d da_alt_close=\u201daus\u201d da_dark_close=\u201daus\u201d da_not_modal=\u201dan\u201d da_is_singular=\u201daus\u201d da_with_loader=\u201daus\u201d da_has_shadow=\u201dan\u201d][et_pb_row column_structure=\u201d1_2,1_2\u2033 _builder_version=\u201d4.14.2\u2033 _module_preset=\u201ddefault\u201d hover_enabled=\u201d0\u2033 locked=\u201daus\u201d global_colors_info=\u201d{}\u201d custom_margin=\u201d|auto|-82px|auto||\u201d custom_padding=\u201d0px|||||\u201d sticky_enabled=\u201d0\u2033][et_pb_column type=\u201d1_2\u2033 _builder_version=\u201d4.14.2\u2033 _module_preset=\u201ddefault\u201d global_colors_info=\u201d{}\u201d][et_pb_text _builder_version=\u201d4.14.2\u2033 text_font=\u201d||||||||\u201d text_line_height=\u201d2em\u201d header_font=\u201d||||||||\u201d header_2_font=\u201dPrata||||||||\u201d header_3_font=\u201dPrata||||||||\u201d header_3_font_size=\u201d20px\u201d header_3_line_height=\u201d1.6em\u201d custom_margin=\u201d1px||||false|false\u201d custom_margin_tablet=\u201d30px||||false|false\u201d custom_margin_phone=\u201d0px||||false|false\u201d custom_margin_last_edited=\u201don|phone\u201d custom_padding=\u201d4px|||||\u201d link_option_url=\u201d#\u201d gesperrt=\u201daus\u201d global_colors_info=\u201d{}\u201d text_text_color__hover=\u201d#ff7a6b\u201d header_3_text_color__hover=\u201d#ff7a6b\u201d header_4_font_size__hover=\u201d18px\u201d header_4_font_size__hover_enabled=\u201d18px\u201d header_4_letter_spacing__hover=\u201d0px\u201d header_4_letter_spacing__hover_enabled=\u201d0px\u201d header_4_line_height__hover=\u201d1em\u201d header_4_line_height__hover_enabled=\u201d1em\u201d header_4_text_shadow_style__hover=\u201dkeine\u201d header_4_text_shadow_style__hover_enabled=\u201dkeine\u201d header_4_text_shadow_color__hover=\u201drgba(0,0,0,0.4)\u201d header_4_text_shadow_color__hover_enabled=\u201drgba(0,0,0,0.4)\u201d]<\/p>\n<h2>Exosomen<\/h2>\n<p>Als Vorl\u00e4ufer von Stammzellen enthalten Exosomen 380 Wachstumsfaktoren, 30 Kollagenformen und sieben Wirkstoffe. <span>Exosomen sind Signale, die von unseren Stammzellen ausgesendet werden, um der Haut wichtige Botschaften des K\u00f6rpers zu \u00fcbermitteln, darunter die Notwendigkeit der Gewebereparatur und Hautregeneration. Daher sind sie die perfekte Erg\u00e4nzung zu vielen unserer Anti-Aging- und Hautverj\u00fcngungsbehandlungen.<\/span><\/p>\n<p>[\/et_pb_text][et_pb_button button_url=\u201d@ET-DC@eyJkeW5hbWljIjp0cnVlLCJjb250ZW50IjoicG9zdF9saW5rX3VybF9wYWdlIiwic2V0dGluZ3MiOnsicG9zdF9pZCI6IjIzMjcxIn19@\u201d button_text=\u201dSeite besuchen\u201d button_alignment=\u201dleft\u201d _builder_version=\u201d4.14.2\u2033 _dynamic_attributes=\u201dbutton_url\u201d custom_button=\u201don\u201d button_text_size=\u201d12px\u201d button_text_color=\u201d#ffffff\u201d button_bg_color=\u201d#000000\u2033 button_border_width=\u201d0px\u201d button_border_radius=\u201d0px\u201d button_letter_spacing=\u201d3px\u201d button_font=\u201dOpen Sans|700||an|||||\u201d custom_padding=\u201d20px|30px|20px|30px|true|true\u201d locked=\u201doff\u201d global_colors_info=\u201d{}\u201d button_text_color__hover_enabled=\u201don|desktop\u201d button_text_color__hover=\u201d#ffffff\u201d button_bg_color__hover_enabled=\u201don|desktop\u201d button_bg_color__hover=\u201drgba(0,0,0,0.76)\u201d custom_padding__hover_enabled=\u201don\u201d custom_padding__hover=\u201d|40px||||false\u201d button_bg_enable_color__hover=\u201don\u201d][\/et_pb_button][\/et_pb_column][et_pb_column _builder_version=\u201d4.14.2\u2033 _module_preset=\u201ddefault\u201d type=\u201d1_2\u2033][et_pb_text _builder_version=\u201d4.14.2\u2033 text_font=\u201d||||||||\u201d text_line_height=\u201d2em\u201d header_font=\u201d||||||||\u201d header_2_font=\u201dPrata||||||||\u201d header_3_font=\u201dPrata||||||||\u201d header_3_font_size=\u201d20px\u201d header_3_line_height=\u201d1.6em\u201d custom_margin=\u201d2px||||false|false\u201d custom_margin_tablet=\u201d30px||||false|false\u201d custom_margin_phone=\u201d0px||||false|false\u201d custom_margin_last_edited=\u201don|phone\u201d custom_padding=\u201d8px|||||\u201d link_option_url=\u201d#\u201d gesperrt=\u201daus\u201d global_colors_info=\u201d{}\u201d text_text_color__hover=\u201d#ff7a6b\u201d header_3_text_color__hover=\u201d#ff7a6b\u201d header_4_font_size__hover=\u201d18px\u201d header_4_font_size__hover_enabled=\u201d18px\u201d header_4_letter_spacing__hover=\u201d0px\u201d header_4_letter_spacing__hover_enabled=\u201d0px\u201d header_4_line_height__hover=\u201d1em\u201d header_4_line_height__hover_enabled=\u201d1em\u201d header_4_text_shadow_style__hover=\u201dkeine\u201d header_4_text_shadow_style__hover_enabled=\u201dkeine\u201d header_4_text_shadow_color__hover=\u201drgba(0,0,0,0.4)\u201d header_4_text_shadow_color__hover_enabled=\u201drgba(0,0,0,0.4)\u201d min_height=\u201d181.5px\u201d]<\/p>\n<h2><span style=\"font-weight: 400;\"><span>Calecim<span style=\"font-size: x-small; font-family: inherit; font-weight: normal;\"><sup>\u00ae<\/sup><\/span> Stammzellen f\u00fcr das Gesicht<\/span><\/span><\/h2>\n<p>Calecim-Stammzellen basieren auf \u00fcber zehnj\u00e4hriger Forschung und zeichnen sich durch ihre hohe Konzentration an spezialisierten Wachstumsfaktoren und Zytokinen aus, die die Zellregeneration und -reparatur stimulieren. Sie verbessern nachweislich die Hautstruktur, den Hautton und die Festigkeit und reduzieren feine Linien und F\u00e4ltchen.<\/p>\n<p>[\/et_pb_text][et_pb_button button_url=\u201d@ET-DC@eyJkeW5hbWljIjp0cnVlLCJjb250ZW50IjoicG9zdF9saW5rX3VybF9wYWdlIiwic2V0dGluZ3MiOnsicG9zdF9pZCI6IjE5NzI3In19@\u201d button_text=\u201dSeite besuchen\u201d button_alignment=\u201dleft\u201d _builder_version=\u201d4.14.2\u2033 _dynamic_attributes=\u201dbutton_url\u201d custom_button=\u201don\u201d button_text_size=\u201d12px\u201d button_text_color=\u201d#ffffff\u201d button_bg_color=\u201d#000000\u2033 button_border_width=\u201d0px\u201d button_border_radius=\u201d0px\u201d button_letter_spacing=\u201d3px\u201d button_font=\u201dOpen Sans|700||an|||||\u201d custom_padding=\u201d20px|30px|20px|30px|true|true\u201d locked=\u201doff\u201d global_colors_info=\u201d{}\u201d button_text_color__hover_enabled=\u201don|desktop\u201d button_text_color__hover=\u201d#ffffff\u201d button_bg_color__hover_enabled=\u201don|desktop\u201d button_bg_color__hover=\u201drgba(0,0,0,0.76)\u201d custom_padding__hover_enabled=\u201don\u201d custom_padding__hover=\u201d|40px||||false\u201d button_bg_enable_color__hover=\u201don\u201d][\/et_pb_button][\/et_pb_column][\/et_pb_row][\/et_pb_section][et_pb_section fb_built=\u201d1\u2033 custom_padding_last_edited=\u201dan|Telefon\u201d admin_label=\u201dFu\u00dfzeile\u201d _builder_version=\u201d4.14.2\u2033 background_color=\u201d#000000\u2033 background_image=\u201dhttps:\/\/drpreema.com\/wp-content\/uploads\/2022\/02\/DRPREEMA_NEWCLINIC_SEPT-01098-72dpi.jpg\u201d background_enable_image=\u201daus\u201d custom_padding=\u201d0vw|10vw|2vw|0px|false|false\u201d custom_padding_tablet=\u201d\u201d custom_padding_phone=\u201d0vw|10vw|1vw|0px|false|false\u201d da_disable_devices=\u201daus|aus|aus\u201d global_module=\u201d4485\u2033 saved_tabs=\u201dalle\u201d global_colors_info=\u201d{}\u201d da_is_popup=\u201daus\u201d da_exit_intent=\u201daus\u201d da_has_close=\u201dan\u201d da_alt_close=\u201daus\u201d da_dark_close=\u201daus\u201d da_not_modal=\u201dan\u201d da_is_singular=\u201daus\u201d da_with_loader=\u201daus\u201d da_has_shadow=\u201dan\u201d][et_pb_row _builder_version=\u201d3.25\u2033 min_height=\u201d119px\u201d custom_margin=\u201d20px||20px||true\u201d global_colors_info=\u201d{}\u201d][et_pb_column type=\u201d4_4\u2033 _builder_version=\u201d3.25\u2033 custom_padding=\u201d|||\u201d global_colors_info=\u201d{}\u201d custom_padding__hover=\u201d|||\u201d][et_pb_social_media_follow _builder_version=\u201d4.5.6\u2033 text_orientation=\u201dcenter\u201d border_radii=\u201don|100px|100px|100px|100px\u201d global_colors_info=\u201d{}\u201d][et_pb_social_media_follow_network social_network=\u201dfacebook\u201d url=\u201dhttps:\/\/www.facebook.com\/drpreema\/\u201d _builder_version=\u201d4.5.6\u2033 background_color=\u201drgba(0,0,0,0.68)\u201d background_enable_color=\u201don\u201d custom_margin=\u201d|5px||5px||true\u201d custom_padding=\u201d10px|10px|10px|10px|true|true\u201d global_colors_info=\u201d{}\u201d follow_button=\u201daus\u201d url_new_window=\u201dan\u201d]Facebook[\/et_pb_social_media_follow_network][et_pb_social_media_follow_network social_network=\u201dTwitter\u201d url=\u201dhttps:\/\/twitter.com\/drpreema\u201d _builder_version=\u201d4.5.6\u2033 background_color=\u201drgba(0,0,0,0.68)\u201d background_enable_color=\u201dan\u201d custom_margin=\u201d|5px||5px||true\u201d custom_padding=\u201d10px|10px|10px|10px|true|true\u201d global_colors_info=\u201d{}\u201d follow_button=\u201daus\u201d url_new_window=\u201dan\u201d]Twitter[\/et_pb_social_media_follow_network][et_pb_social_media_follow_network social_network=\u201dInstagram\u201d url=\u201dhttps:\/\/www.instagram.com\/drpreema\/\u201d _builder_version=\u201d4.5.6\u2033 background_color=\u201drgba(0,0,0,0.68)\u201d background_enable_color=\u201dan\u201d custom_margin=\u201d|5px||5px||true\u201d custom_padding=\u201d10px|10px|10px|10px|true|true\u201d global_colors_info=\u201d{}\u201d follow_button=\u201daus\u201d url_new_window=\u201dauf\u201d]Instagram[\/et_pb_social_media_follow_network][\/et_pb_social_media_follow][\/et_pb_column][\/et_pb_row][\/et_pb_section][et_pb_section fb_built=\u201d1\u2033 _builder_version=\u201d4.4.7\u2033 background_color=\u201d#000000\u2033 width=\u201d100%\u201d min_height=\u201d313.8px\u201d custom_padding=\u201d0px||4px|||\u201d da_disable_devices=\u201daus|aus|aus\u201d global_module=\u201d3029\u2033 global_colors_info=\u201d{}\u201d da_is_popup=\u201daus\u201d da_exit_intent=\u201daus\u201d da_has_close=\u201dan\u201d da_alt_close=\u201daus\u201d da_dark_close=\u201daus\u201d da_not_modal=\u201dan\u201d da_is_singular=\u201daus\u201d da_with_loader=\u201daus\u201d da_has_shadow=\u201dan\u201d][et_pb_row column_structure=\u201d1_3,1_3,1_3\u2033 _builder_version=\u201d4.5.6\u2033 global_colors_info=\u201d{}\u201d][et_pb_column type=\u201d1_3\u2033 _builder_version=\u201d4.4.7\u2033 global_colors_info=\u201d{}\u201d][et_pb_text _builder_version=\u201d4.5.6\u2033 text_text_color=\u201d#ffffff\u201d link_text_color=\u201d#a3a3a3\u2033 header_text_color=\u201d#ffffff\u201d global_colors_info=\u201d{}\u201d]<\/p>\n<p><strong>SITE LINKS<\/strong><\/p>\n<p><a href=\"https:\/\/drpreema.com\/de\/kontakt\/\" title=\"Kontaktieren Sie uns\">Kontaktieren Sie uns<\/a><\/p>\n<p><a href=\"https:\/\/drpreema.com\/de\/um\/\" title=\"\u00dcber uns\">\u00dcber uns<\/a><\/p>\n<p><a href=\"https:\/\/drpreema.com\/de\/behandlungen\/\" title=\"Behandlungen\">Behandlungen<\/a><\/p>\n<p><a href=\"https:\/\/drpreema.com\/de\/drucken\/\" title=\"Dr\u00fccken\">Dr\u00fccken<\/a><\/p>\n<p><a href=\"https:\/\/drpreema.com\/de\/blog\/\" title=\"Der Blog\">Der Blog<\/a><\/p>\n<p>[\/et_pb_text][\/et_pb_column][et_pb_column type=\u201d1_3\u2033 _builder_version=\u201d4.4.7\u2033 global_colors_info=\u201d{}\u201d][et_pb_text _builder_version=\u201d4.14.2\u2033 text_text_color=\u201d#b3b3b3\u2033 link_text_color=\u201d#b3b3b3\u2033 header_text_color=\u201d#a3a3a3\u2033 global_colors_info=\u201d{}\u201d]&nbsp;<\/p>\n<p><a href=\"https:\/\/drpreema.com\/de\/datenschutzrichtlinie\/\" title=\"Datenschutzrichtlinie\">Datenschutzrichtlinie<\/a><\/p>\n<p><a href=\"https:\/\/drpreema.com\/de\/geschaftsbedingungen\/\" title=\"Allgemeine Gesch\u00e4ftsbedingungen\">Allgemeine Gesch\u00e4ftsbedingungen<\/a><\/p>\n<p><a href=\"https:\/\/drpreema.com\/de\/termin-buchen\/\" title=\"Buchen Sie eine Behandlung\">Buchen Sie eine Behandlung<\/a><\/p>\n<p><a href=\"https:\/\/drpreema.com\/de\/trainingssuite\/\" title=\"Schulungsraumvermietung\">Raummiete<\/a><\/p>\n<p><a href=\"https:\/\/drpreema.com\/de\/um\/trainingssuite\/\" title=\"Schulungsraumvermietung\">Trainingssuite<\/a>[\/et_pb_text][\/et_pb_column][et_pb_column type=\u201d1_3\u2033 _builder_version=\u201d4.14.2\u2033 custom_padding=\u201d||0px||false|false\u201d global_colors_info=\u201d{}\u201d][et_pb_text _builder_version=\u201d4.14.2\u2033 text_font=\u201dMontserrat|500|||||||\u201d text_line_height=\u201d0.8em\u201d header_line_height=\u201d1.4em\u201d header_2_font_size=\u201d24px\u201d custom_margin=\u201d0px||0px||false|false\u201d custom_padding=\u201d0px||0px||false|false\u201d inline_fonts=\u201dPrata, Montserrat\u201d global_colors_info=\u201d{}\u201d]<\/p>\n<div class=\"et_pb_module et_pb_text et_pb_text_3  et_pb_text_align_left et_pb_bg_layout_light et_had_animation\">\n<p><a href=\"tel:+4402072210043\" title=\"Telefonnummer\"><span style=\"font-family: Montserrat; font-weight: normal; font-size: x-large; color: #ffffff;\"><strong><span style=\"font-family: Montserrat;\">+44 (0)20 7221 0043<\/span><\/strong><\/span><\/a><\/p>\n<p><span style=\"font-family: Montserrat; font-weight: normal; font-size: x-large; color: #ffffff;\"><strong><span style=\"font-family: Montserrat;\">+447391153225<\/span><\/strong><span style=\"font-size: medium; color: #ffffff;\"> \u2013 Nur WhatsApp<\/span><\/span><\/p>\n<p><span style=\"font-family: Montserrat; font-weight: normal; font-size: x-large; color: #ffffff;\"><span style=\"font-size: medium; color: #ffffff;\"><\/span><\/span><span style=\"font-family: Montserrat; font-weight: normal; font-size: small; color: #ffffff;\"><strong>Dr. Preema London Klinik<\/strong><\/span><\/p>\n<p><span style=\"font-family: Montserrat; font-weight: normal; font-size: small; color: #ffffff;\">Avenfield Haus<\/span><\/p>\n<p><span style=\"font-family: Montserrat; font-weight: normal; font-size: small; color: #ffffff;\">118-127 Park Lane<\/span><\/p>\n<p><span style=\"font-family: Montserrat; font-weight: normal; font-size: small; color: #ffffff;\">Mayfair<\/span><\/p>\n<p><span style=\"font-family: Montserrat; font-weight: normal; font-size: small; color: #ffffff;\">London<\/span><\/p>\n<p><span style=\"font-family: Montserrat; font-weight: normal; font-size: small; color: #ffffff;\">W1K 7AF<\/span><\/p>\n<\/div>\n<p>[\/et_pb_text][\/et_pb_column][\/et_pb_row][\/et_pb_section]<\/p>","protected":false},"excerpt":{"rendered":"<p>Stammzellen &amp; ExosomenExosomen sind Vorl\u00e4ufer von Stammzellen und enthalten 380 Wachstumsfaktoren, 30 Kollagenformen und sieben Wirkstoffe. Exosomen sind Signale unserer Stammzellen, die der Haut wichtige Botschaften des K\u00f6rpers \u00fcbermitteln, darunter die Notwendigkeit von Gewebereparatur und Hautregeneration. Sie sind daher die perfekte Erg\u00e4nzung [\u2026]<\/p>","protected":false},"author":5,"featured_media":0,"parent":91,"menu_order":5,"comment_status":"closed","ping_status":"closed","template":"","meta":{"_seopress_robots_primary_cat":"","_seopress_titles_title":"Stem Cell & Exosome Treatments | Dr Preema London Clinic","_seopress_titles_desc":"Rejuvenate skin with cutting-edge stem cell and exosome facial treatments at Dr Preema London Clinic. Boost collagen and give a radiant glow.","_seopress_robots_index":"","_et_pb_use_builder":"on","_et_pb_old_content":"","_et_gb_content_width":"","_monsterinsights_skip_tracking":false,"_monsterinsights_sitenote_active":false,"_monsterinsights_sitenote_note":"","_monsterinsights_sitenote_category":0,"footnotes":""},"class_list":["post-23290","page","type-page","status-publish"],"jetpack_sharing_enabled":true,"_links":{"self":[{"href":"https:\/\/drpreema.com\/de\/wp-json\/wp\/v2\/pages\/23290","targetHints":{"allow":["GET"]}}],"collection":[{"href":"https:\/\/drpreema.com\/de\/wp-json\/wp\/v2\/pages"}],"about":[{"href":"https:\/\/drpreema.com\/de\/wp-json\/wp\/v2\/types\/page"}],"author":[{"embeddable":true,"href":"https:\/\/drpreema.com\/de\/wp-json\/wp\/v2\/users\/5"}],"replies":[{"embeddable":true,"href":"https:\/\/drpreema.com\/de\/wp-json\/wp\/v2\/comments?post=23290"}],"version-history":[{"count":13,"href":"https:\/\/drpreema.com\/de\/wp-json\/wp\/v2\/pages\/23290\/revisions"}],"predecessor-version":[{"id":47708,"href":"https:\/\/drpreema.com\/de\/wp-json\/wp\/v2\/pages\/23290\/revisions\/47708"}],"up":[{"embeddable":true,"href":"https:\/\/drpreema.com\/de\/wp-json\/wp\/v2\/pages\/91"}],"wp:attachment":[{"href":"https:\/\/drpreema.com\/de\/wp-json\/wp\/v2\/media?parent=23290"}],"curies":[{"name":"wp","href":"https:\/\/api.w.org\/{rel}","templated":true}]}}