{"id":2832,"date":"2020-05-28T17:07:29","date_gmt":"2020-05-28T17:07:29","guid":{"rendered":"http:\/\/drpreema.wwwnl1-ss14.a2hosted.com\/?page_id=2832"},"modified":"2024-05-20T18:35:59","modified_gmt":"2024-05-20T18:35:59","slug":"geschaftsbedingungen","status":"publish","type":"page","link":"https:\/\/drpreema.com\/de\/geschaftsbedingungen\/","title":{"rendered":"Gesch\u00e4ftsbedingungen"},"content":{"rendered":"<p>[et_pb_section fb_built=\u201d1\u2033 custom_padding_last_edited=\u201don|phone\u201d admin_label=\u201dHeader\u201d _builder_version=\u201d4.4.7\u2033 use_background_color_gradient=\u201don\u201d background_color_gradient_start=\u201drgba(0,0,0,0)\u201d background_color_gradient_end=\u201drgba(22,29,67,0.3)\u201d background_color_gradient_direction=\u201d200deg\u201d background_color_gradient_start_position=\u201d62%\u201d background_color_gradient_overlays_image=\u201don\u201d background_image=\u201dhttps:\/\/drpreema.com\/wp-content\/uploads\/2020\/05\/rose-1.jpeg.png\u201d parallax=\u201don\u201d custom_padding=\u201d10vw|10vw|0|0px|false|false\u201d custom_padding_tablet=\u201d\u201d custom_padding_phone=\u201d|10vw||\u201d animation_style=\u201dverblassen\u201d animation_starting_opacity=\u201d5%\u201d animation_speed_curve=\u201dease-out\u201d border_radii=\u201d||||16vw\u201d global_colors_info=\u201d{}\u201d da_is_popup=\u201daus\u201d da_exit_intent=\u201daus\u201d da_has_close=\u201dan\u201d da_alt_close=\u201daus\u201d da_dark_close=\u201daus\u201d da_not_modal=\u201dan\u201d da_is_singular=\u201daus\u201d da_with_loader=\u201daus\u201d da_has_shadow=\u201dan\u201d da_disable_devices=\u201daus|aus|aus\u201d][et_pb_row column_structure=\u201d3_4,1_4\u2033 use_custom_gutter=\u201dan\u201d gutter_width=\u201d1\u2033 make_equal=\u201dan\u201d custom_padding_last_edited=\u201dan|desktop\u201d padding_top_bottom_link_1=\u201dtrue\u201d padding_top_bottom_link_2=\u201dtrue\u201d padding_left_right_link_1=\u201dfalse\u201d _builder_version=\u201d3.25\u2033 use_background_color_gradient=\u201don\u201d background_color_gradient_start=\u201drgba(255,255,255,0.4)\u201d background_color_gradient_end=\u201drgba(255,255,255,0.88)\u201d background_color_gradient_direction=\u201d90deg\u201d background_color_gradient_start_position=\u201d70%\u201d width=\u201d100%\u201d max_width=\u201d100%\u201d module_alignment=\u201dleft\u201d custom_margin_tablet=\u201d0vw|||\u201d custom_margin_last_edited=\u201daus|desktop\u201d custom_padding=\u201d0px||0px||false|false\u201d custom_padding_tablet=\u201d|||0vw\u201d custom_padding_phone=\u201d\u201d animation_style=\u201drutschen\u201d animation_direction=\u201dlinks\u201d animation_intensity_slide=\u201d5%\u201d border_radii=\u201d||10vw||\u201d use_custom_width=\u201dan\u201d width_unit=\u201daus\u201d custom_width_percent=\u201d100%\u201d locked=\u201daus\u201d global_colors_info=\u201d{}\u201d][et_pb_column type=\u201d3_4\u2033 _builder_version=\u201d3.25\u2033 custom_padding=\u201d80px|40px|80px|10vw\u201d custom_padding_tablet=\u201d40px||20px||false\u201d custom_padding_phone=\u201d|||\u201d custom_padding_last_edited=\u201dan|Telefon\u201d global_colors_info=\u201d{}\u201d padding_phone=\u201d|||\u201d padding_tablet=\u201d40px||20px||false\u201d padding_last_edited=\u201don|phone\u201d custom_padding__hover=\u201d|||\u201d][et_pb_text _builder_version=\u201d3.27.4\u2033 text_font=\u201d||||||||\u201d header_font=\u201dPrata||||||||\u201d header_font_size=\u201d100px\u201d header_line_height=\u201d1.4em\u201d header_6_font=\u201dOpen Sans|700||on|||||\u201d header_6_letter_spacing=\u201d5px\u201d header_6_line_height=\u201d1.6em\u201d background_layout=\u201ddark\u201d max_width_tablet=\u201d90%\u201d max_width_phone=\u201d\u201d max_width_last_edited=\u201don|desktop\u201d module_alignment=\u201dright\u201d animation_style=\u201dzoom\u201d animation_intensity_zoom=\u201d5%\u201d header_font_size_tablet=\u201d48px\u201d header_font_size_phone=\u201d32px\u201d header_font_size_last_edited=\u201don|phone\u201d header_6_font_size_tablet=\u201d\u201d header_6_font_size_phone=\u201d\u201d header_6_font_size_last_edited=\u201don|desktop\u201d text_text_shadow_style=\u201dpreset3\u2033 text_text_shadow_blur_strength=\u201d3em\u201d text_text_shadow_color=\u201drgba(22,29,67,0.24)\u201d locked=\u201doff\u201d global_colors_info=\u201d{}\u201d header_5_font_size__hover=\u201d16px\u201d header_5_font_size__hover_enabled=\u201d16px\u201d header_5_letter_spacing__hover=\u201d0px\u201d header_5_letter_spacing__hover_enabled=\u201d0px\u201d header_5_line_height__hover=\u201d1em\u201d header_5_line_height__hover_enabled=\u201d1em\u201d header_5_text_shadow_style__hover=\u201dnone\u201d header_5_text_shadow_style__hover_enabled=\u201dnone\u201d header_5_text_shadow_color__hover=\u201drgba(0,0,0,0.4)\u201d header_5_text_shadow_color__hover_enabled=\u201drgba(0,0,0,0.4)\u201d]<\/p>\n<h6>Kontaktieren Sie uns<\/h6>\n<h1>Allgemeine Gesch\u00e4ftsbedingungen<\/h1>\n<p>[\/et_pb_text][\/et_pb_column][et_pb_column type=\u201d1_4\u2033 _builder_version=\u201d3.25\u2033 custom_padding=\u201d|||\u201d custom_padding_tablet=\u201d||||false\u201d custom_padding_phone=\u201d\u201d custom_padding_last_edited=\u201don|desktop\u201d global_colors_info=\u201d{}\u201d padding_tablet=\u201d||||false\u201d padding_last_edited=\u201don|desktop\u201d custom_padding__hover=\u201d|||\u201d padding_phone=\u201d||||false\u201d][\/et_pb_column][\/et_pb_row][\/et_pb_section][et_pb_section fb_built=\u201d1\u2033 admin_label=\u201dKontaktformular\u201d _builder_version=\u201d3.22\u2033 background_image=\u201dhttps:\/\/drpreema.com\/wp-content\/uploads\/2020\/02\/spa-12.png\u201d background_size=\u201dinitial\u201d background_position=\u201dtop_center\u201d global_colors_info=\u201d{}\u201d da_is_popup=\u201doff\u201d da_exit_intent=\u201doff\u201d da_has_close=\u201don\u201d da_alt_close=\u201doff\u201d da_dark_close=\u201doff\u201d da_not_modal=\u201don\u201d da_is_singular=\u201doff\u201d da_with_loader=\u201doff\u201d da_has_shadow=\u201don\u201d da_disable_devices=\u201doff|off|off\u201d][et_pb_row _builder_version=\u201d3.25\u2033 global_colors_info=\u201d{}\u201d][et_pb_column type=\u201d4_4\u2033 _builder_version=\u201d3.25\u2033 custom_padding=\u201d|||\u201d global_colors_info=\u201d{}\u201d custom_padding__hover=\u201d|||\u201d][et_pb_text _builder_version=\u201d3.27.4\u2033 text_font=\u201dOpen Sans||||||||\u201d text_line_height=\u201d2em\u201d header_font=\u201d||||||||\u201d header_2_font=\u201dPrata||||||||\u201d header_2_font_size=\u201d50px\u201d header_2_line_height=\u201d1.4em\u201d header_3_font=\u201dOpen Sans|700||on|||||\u201d header_3_font_size=\u201d14px\u201d header_3_letter_spacing=\u201d5px\u201d header_3_line_height=\u201d1.8em\u201d animation_style=\u201dzoom\u201d animation_intensity_zoom=\u201d5%\u201d header_2_font_size_tablet=\u201d40px\u201d header_2_font_size_phone=\u201d28px\u201d header_2_font_size_last_edited=\u201don|phone\u201d header_3_font_size_tablet=\u201d\u201d header_3_font_size_phone=\u201d10px\u201d header_3_font_size_last_edited=\u201don|phone\u201d locked=\u201doff\u201d global_colors_info=\u201d{}\u201d header_5_font_size__hover=\u201d16px\u201d header_5_font_size__hover_enabled=\u201d16px\u201d header_5_letter_spacing__hover=\u201d0px\u201d header_5_letter_spacing__hover_enabled=\u201d0px\u201d header_5_line_height__hover=\u201d1em\u201d header_5_line_height__hover_enabled=\u201d1em\u201d header_5_text_shadow_style__hover=\u201dkeine\u201d header_5_text_shadow_style__hover_enabled=\u201dkeine\u201d header_5_text_shadow_color__hover=\u201drgba(0,0,0,0.4)\u201d header_5_text_shadow_color__hover_enabled=\u201drgba(0,0,0,0.4)\u201d header_font_size__hover=\u201d30px\u201d header_font_size__hover_enabled=\u201d30px\u201d header_letter_spacing__hover=\u201d0px\u201d header_letter_spacing__hover_enabled=\u201d0px\u201d header_text_shadow_style__hover=\u201dkeine\u201d header_text_shadow_style__hover_enabled=\u201dkeine\u201d header_text_shadow_color__hover=\u201drgba(0,0,0,0.4)\u201d header_text_shadow_color__hover_enabled=\u201drgba(0,0,0,0.4)\u201d header_6_font_size__hover=\u201d14px\u201d header_6_font_size__hover_enabled=\u201d14px\u201d header_6_letter_spacing__hover=\u201d0px\u201d header_6_letter_spacing__hover_enabled=\u201d0px\u201d header_6_line_height__hover=\u201d1em\u201d header_6_line_height__hover_enabled=\u201d1em\u201d header_6_text_shadow_style__hover=\u201dkeine\u201d header_6_text_shadow_style__hover_enabled=\u201dkeine\u201d header_6_text_shadow_color__hover=\u201drgba(0,0,0,0.4)\u201d header_6_text_shadow_color__hover_enabled=\u201drgba(0,0,0,0.4)\u201d]<\/p>\n<h2>Allgemeine Gesch\u00e4ftsbedingungen<\/h2>\n<p><strong><\/strong><\/p>\n<p>[\/et_pb_text][et_pb_text _builder_version=\u201d4.4.7\u2033 header_font=\u201dPrata||||||||\u201d header_2_font=\u201dPrata||||||||\u201d global_colors_info=\u201d{}\u201d]<\/p>\n<h2>Produktk\u00e4ufe<\/h2>\n<p><strong>Stornierungen<\/strong><br \/>Sie k\u00f6nnen Ihre Bestellung jederzeit vor Auslieferung der Ware stornieren. Sie erhalten dann eine vollst\u00e4ndige R\u00fcckerstattung. Ausgenommen hiervon sind Bestellungen, bei denen Sie die Ware in der Dr. Preema London Clinic abholen. Hierf\u00fcr m\u00fcssen Sie uns innerhalb von 14 Tagen nach Ihrer Stornierung informieren, um eine vollst\u00e4ndige R\u00fcckerstattung zu erhalten.<\/p>\n<p>Sobald die Bestellung zum Versand freigegeben ist, wird eine E-Mail versendet. Zu diesem Zeitpunkt k\u00f6nnen Sie Ihre Bestellung noch stornieren. Die Waren m\u00fcssen jedoch zur\u00fcckgegeben werden, bevor die Zahlung erstattet werden kann.<\/p>\n<p><strong>R\u00fcckgaben<\/strong><br \/>Sie haben ab Erhalt Ihrer Bestellung 10 Tage Zeit, die Waren an die Dr. Preema London Clinic zur\u00fcckzusenden, damit eine R\u00fcckerstattung erfolgt.<\/p>\n<p>Aus hygienischen Gr\u00fcnden k\u00f6nnen unsere Produkte nicht zur\u00fcckgegeben werden, es sei denn, sie sind fehlerhaft oder wurden auf dem Postweg besch\u00e4digt. Nur Produkte mit intaktem Sicherheitssiegel k\u00f6nnen zur\u00fcckgegeben werden, sofern sie nicht fehlerhaft sind. Die Dr. Preema London Clinic erstattet den Kaufpreis innerhalb von 3 Werktagen nach R\u00fccksendung und Pr\u00fcfung der Artikel.<\/p>\n<p>Bitte kontaktieren Sie unsere Klinikkoordinatoren unter 0207 221 0043, bevor Sie unerw\u00fcnschte oder fehlerhafte Artikel zur\u00fccksenden. Andernfalls k\u00f6nnen wir Ihre R\u00fccksendung nicht bearbeiten.<\/p>\n<p><strong>Fehlerhafte Artikel<\/strong><br \/>F\u00fcr alle Produkte, die Sie mit einem Defekt oder irrt\u00fcmlicherweise von der Dr. Preema London Clinic erhalten haben, erstatten wir Ihnen gerne die vollen Kosten f\u00fcr die R\u00fccksendung an uns.<\/p>\n<p>Dr. Preema London Klinik<br \/>Avenfield House, 118-127 Park Lane, Mayfair, London, W1K 7AF<br \/>T 0207 221 0043<\/p>\n<h2>Behandlungsk\u00e4ufe<\/h2>\n<p><strong>Stornierungen<\/strong><br \/>Wir bitten die Patienten, uns mindestens 48 Stunden im Voraus \u00fcber Termin\u00e4nderungen oder -absagen zu informieren.<br \/>Wird ein Termin (oder ein Folgetermin) vers\u00e4umt, abgesagt oder mit einer Frist von weniger als 48 Stunden ge\u00e4ndert, f\u00e4llt eine Geb\u00fchr von 250 \u00a3 an. Wird diese Geb\u00fchr nicht bezahlt, sind keine weiteren Buchungen m\u00f6glich.<br \/>Wenn ein Patient nicht zu einem vereinbarten Termin erscheint, verliert ein anderer Patient aufgrund der wachsenden Wartelisten die Chance, behandelt zu werden. Wir bitten Sie um Ihr Verst\u00e4ndnis, da es sich um medizinische Behandlungen handelt und es daher gelegentlich zu Verz\u00f6gerungen kommen kann. Manchmal f\u00fchlen sich Klienten w\u00e4hrend der Behandlung unwohl, und es liegt in unserer Verantwortung, sicherzustellen, dass sie sich erholen, bevor sie uns verlassen. In solchen F\u00e4llen hat der erkrankte Klient Priorit\u00e4t. Wir erwarten von unseren anderen Klienten Verst\u00e4ndnis und danken Ihnen daf\u00fcr!<\/p>\n<p><strong>R\u00fcckerstattungen<\/strong><br \/>Beim Kauf einer Behandlung oder eines Kurses haben Sie 14 Tage Zeit, eine R\u00fcckerstattung f\u00fcr noch nicht eingel\u00f6ste Behandlungen zu beantragen. Nach Ablauf dieser Frist k\u00f6nnen f\u00fcr noch nicht eingel\u00f6ste Behandlungen gezahlte Betr\u00e4ge nur f\u00fcr alternative Behandlungen angerechnet werden.<\/p>\n<p><strong>Nicht genutzte Zahlungen<\/strong><br \/>Teil- oder Vollzahlungen f\u00fcr ein Produkt oder eine Dienstleistung m\u00fcssen innerhalb eines Jahres ab Kaufdatum eingel\u00f6st werden. Nicht innerhalb dieser Frist gezahlte Betr\u00e4ge verfallen und sind nicht erstattungsf\u00e4hig oder f\u00fcr eine alternative Behandlung gutzuschreiben.<\/p>\n<p>[\/et_pb_text][\/et_pb_column][\/et_pb_row][\/et_pb_section][et_pb_section fb_built=\u201d1\u2033 custom_padding_last_edited=\u201don|phone\u201d admin_label=\u201dFooter\u201d _builder_version=\u201d4.14.2\u2033 background_image=\u201dhttps:\/\/drpreema.com\/wp-content\/uploads\/2022\/02\/DRPREEMA_NEWCLINIC_SEPT-01098-72dpi.jpg\u201d custom_padding=\u201d0px|10vw|20vw|0px|false|false\u201d custom_padding_tablet=\u201d\u201d custom_padding_phone=\u201d|10vw||\u201d global_module=\u201d4485\u2033 saved_tabs=\u201dalle\u201d global_colors_info=\u201d{}\u201d da_is_popup=\u201daus\u201d da_exit_intent=\u201daus\u201d da_has_close=\u201dan\u201d da_alt_close=\u201daus\u201d da_dark_close=\u201daus\u201d da_not_modal=\u201dan\u201d da_is_singular=\u201daus\u201d da_with_loader=\u201daus\u201d da_has_shadow=\u201dan\u201d da_disable_devices=\u201daus|aus|aus\u201d][et_pb_row column_structure=\u201d3_4,1_4\u2033 use_custom_gutter=\u201dan\u201d gutter_width=\u201d1\u2033 make_equal=\u201dan\u201d custom_padding_last_edited=\u201dan|desktop\u201d padding_top_bottom_link_1=\u201dwahr\u201d padding_top_bottom_link_2=\u201dwahr\u201d padding_left_right_link_1=\u201dfalse\u201d _builder_version=\u201d4.4.7\u2033 width=\u201d100%\u201d max_width=\u201d100%\u201d module_alignment=\u201dleft\u201d custom_margin_tablet=\u201d0vw|||\u201d custom_margin_last_edited=\u201doff|desktop\u201d custom_padding=\u201d0px||0px||false|false\u201d custom_padding_tablet=\u201d|||0vw\u201d custom_padding_phone=\u201d\u201d animation_style=\u201dslide\u201d animation_direction=\u201dleft\u201d animation_intensity_slide=\u201d5%\u201d border_radii=\u201d|||10vw|\u201d use_custom_width=\u201dan\u201d width_unit=\u201daus\u201d custom_width_percent=\u201d100%\u201d locked=\u201doff\u201d global_colors_info=\u201d{}\u201d][et_pb_column type=\u201d3_4\u2033 _builder_version=\u201d3.25\u2033 use_background_color_gradient=\u201dan\u201d background_color_gradient_start=\u201drgba(255,255,255,0.4)\u201d background_color_gradient_end=\u201drgba(255,255,255,0.88)\u201d background_color_gradient_direction=\u201d90deg\u201d background_color_gradient_start_position=\u201d70%\u201d custom_padding=\u201d80px|40px|80px|10vw\u201d custom_padding_tablet=\u201d40px||20px||false\u201d custom_padding_phone=\u201d|||\u201d custom_padding_last_edited=\u201don|phone\u201d global_colors_info=\u201d{}\u201d padding_phone=\u201d|||\u201d padding_tablet=\u201d40px||20px||false\u201d padding_last_edited=\u201don|phone\u201d custom_padding__hover=\u201d|||\u201d][et_pb_text _builder_version=\u201d4.5.6\u2033 text_font=\u201dOpen Sans||||||||\u201d text_line_height=\u201d2em\u201d header_font=\u201d||||||||\u201d header_2_font=\u201dPrata||||||||\u201d header_2_font_size=\u201d50px\u201d header_2_line_height=\u201d1.4em\u201d header_3_font=\u201dOpen Sans|700||on|||||\u201d header_3_font_size=\u201d14px\u201d header_3_letter_spacing=\u201d5px\u201d header_3_line_height=\u201d1.8em\u201d max_width=\u201d600px\u201d animation_style=\u201dzoom\u201d animation_intensity_zoom=\u201d5%\u201d header_2_font_size_tablet=\u201d40px\u201d header_2_font_size_phone=\u201d28px\u201d header_2_font_size_last_edited=\u201don|phone\u201d header_3_font_size_tablet=\u201d\u201d header_3_font_size_phone=\u201d10px\u201d header_3_font_size_last_edited=\u201don|phone\u201d locked=\u201doff\u201d global_colors_info=\u201d{}\u201d header_5_font_size__hover=\u201d16px\u201d header_5_font_size__hover_enabled=\u201d16px\u201d header_5_letter_spacing__hover=\u201d0px\u201d header_5_letter_spacing__hover_enabled=\u201d0px\u201d header_5_line_height__hover=\u201d1em\u201d header_5_line_height__hover_enabled=\u201d1em\u201d header_5_text_shadow_style__hover=\u201dkeine\u201d header_5_text_shadow_style__hover_enabled=\u201dkeine\u201d header_5_text_shadow_color__hover=\u201drgba(0,0,0,0.4)\u201d header_5_text_shadow_color__hover_enabled=\u201drgba(0,0,0,0.4)\u201d header_font_size__hover=\u201d30px\u201d header_font_size__hover_enabled=\u201d30px\u201d header_letter_spacing__hover=\u201d0px\u201d header_letter_spacing__hover_enabled=\u201d0px\u201d header_text_shadow_style__hover=\u201dkeine\u201d header_text_shadow_style__hover_enabled=\u201dkeine\u201d header_text_shadow_color__hover=\u201drgba(0,0,0,0.4)\u201d header_text_shadow_color__hover_enabled=\u201drgba(0,0,0,0.4)\u201d header_6_letter_spacing__hover=\u201d0px\u201d header_6_letter_spacing__hover_enabled=\u201d0px\u201d header_6_line_height__hover=\u201d1em\u201d header_6_line_height__hover_enabled=\u201d1em\u201d header_6_font_size__hover=\u201d14px\u201d header_6_font_size__hover_enabled=\u201d14px\u201d header_6_text_shadow_style__hover=\u201dkeine\u201d header_6_text_shadow_style__hover_enabled=\u201dkeine\u201d header_6_text_shadow_color__hover=\u201drgba(0,0,0,0.4)\u201d header_6_text_shadow_color__hover_enabled=\u201drgba(0,0,0,0.4)\u201d]<!-- \n\n\n\n\n\n\n\n\n\n\n\n<h3>Come On In<\/h3>\n\n\n\n\n\n\n\n\n\n\n\n--><\/p>\n<h2>In der Dr. Preema London Clinic k\u00fcmmern wir uns um Sie<\/h2>\n<p>[\/et_pb_text][\/et_pb_column][et_pb_column type=\u201d1_4\u2033 _builder_version=\u201d4.4.7\u2033 background_color=\u201drgba(32,42,45,0.73)\u201d custom_padding=\u201d|||\u201d custom_padding_tablet=\u201d||||false\u201d custom_padding_phone=\u201d\u201d custom_padding_last_edited=\u201don|desktop\u201d global_colors_info=\u201d{}\u201d padding_tablet=\u201d||||false\u201d padding_last_edited=\u201don|desktop\u201d custom_padding__hover=\u201d|||\u201d padding_phone=\u201d||||false\u201d][et_pb_button button_url=\u201dhttps:\/\/appointments.clinicsoftware.com\/drpreemalondon\/online-booking\/services\/60\u2033 button_text=\u201dTermin buchen\u201d button_alignment=\u201dcenter\u201d _builder_version=\u201d4.14.2\u2033 custom_button=\u201don\u201d button_text_size=\u201d14px\u201d button_text_color=\u201d#ffffff\u201d button_bg_color=\u201drgba(0,0,0,0)\u201d button_border_width=\u201d0px\u201d button_letter_spacing=\u201d5px\u201d button_font=\u201dOpen Sans|700||on|||||\u201d custom_padding=\u201d160px||160px||true\u201d custom_padding_tablet=\u201d30px||30px||true\u201d custom_padding_phone=\u201d\u201d custom_padding_last_edited=\u201don|phone\u201d button_border_radius_hover=\u201d0px\u201d global_colors_info=\u201d{}\u201d button_text_size__hover_enabled=\u201doff\u201d button_one_text_size__hover_enabled=\u201doff\u201d button_two_text_size__hover_enabled=\u201doff\u201d button_text_color__hover_enabled=\u201doff\u201d button_one_text_color__hover_enabled=\u201doff\u201d button_two_text_color__hover_enabled=\u201doff\u201d button_border_width__hover_enabled=\u201doff\u201d button_one_border_width__hover_enabled=\u201doff\u201d button_two_border_width__hover_enabled=\u201daus\u201d button_border_color__hover_enabled=\u201daus\u201d button_one_border_color__hover_enabled=\u201daus\u201d button_two_border_color__hover_enabled=\u201daus\u201d button_border_radius__hover=\u201d0px\u201d button_one_border_radius__hover_enabled=\u201daus\u201d button_two_border_radius__hover_enabled=\u201daus\u201d button_letter_spacing__hover_enabled=\u201daus\u201d button_one_letter_spacing__hover_enabled=\u201daus\u201d button_two_letter_spacing__hover_enabled=\u201daus\u201d button_bg_color__hover_enabled=\u201daus\u201d button_one_bg_color__hover_enabled=\u201daus\u201d button_two_bg_color__hover_enabled=\u201doff\u201d][\/et_pb_button][\/et_pb_column][\/et_pb_row][et_pb_row _builder_version=\u201d3.25\u2033 custom_margin=\u201d20px||20px||true\u201d global_colors_info=\u201d{}\u201d][et_pb_column type=\u201d4_4\u2033 _builder_version=\u201d3.25\u2033 custom_padding=\u201d|||\u201d global_colors_info=\u201d{}\u201d custom_padding__hover=\u201d|||\u201d][et_pb_social_media_follow _builder_version=\u201d4.5.6\u2033 text_orientation=\u201dcenter\u201d border_radii=\u201don|100px|100px|100px|100px\u201d global_colors_info=\u201d{}\u201d][et_pb_social_media_follow_network social_network=\u201dfacebook\u201d url=\u201dhttps:\/\/www.facebook.com\/drpreema\/\u201d _builder_version=\u201d4.5.6\u2033 background_color=\u201drgba(0,0,0,0.68)\u201d background_enable_color=\u201don\u201d custom_margin=\u201d|5px||5px||true\u201d custom_padding=\u201d10px|10px|10px|10px|true|true\u201d global_colors_info=\u201d{}\u201d follow_button=\u201daus\u201d url_new_window=\u201dan\u201d]Facebook[\/et_pb_social_media_follow_network][et_pb_social_media_follow_network social_network=\u201dTwitter\u201d url=\u201dhttps:\/\/twitter.com\/drpreema\u201d _builder_version=\u201d4.5.6\u2033 background_color=\u201drgba(0,0,0,0.68)\u201d background_enable_color=\u201dan\u201d custom_margin=\u201d|5px||5px||true\u201d custom_padding=\u201d10px|10px|10px|10px|true|true\u201d global_colors_info=\u201d{}\u201d follow_button=\u201daus\u201d url_new_window=\u201dan\u201d]Twitter[\/et_pb_social_media_follow_network][et_pb_social_media_follow_network social_network=\u201dInstagram\u201d url=\u201dhttps:\/\/www.instagram.com\/drpreema\/\u201d _builder_version=\u201d4.5.6\u2033 background_color=\u201drgba(0,0,0,0.68)\u201d background_enable_color=\u201dan\u201d custom_margin=\u201d|5px||5px||true\u201d custom_padding=\u201d10px|10px|10px|10px|true|true\u201d global_colors_info=\u201d{}\u201d follow_button=\u201daus\u201d url_new_window=\u201dan\u201d]Instagram[\/et_pb_social_media_follow_network][\/et_pb_social_media_follow][\/et_pb_column][\/et_pb_row][\/et_pb_section][et_pb_section fb_built=\u201d1\u2033 _builder_version=\u201d4.4.7\u2033 background_color=\u201d#000000\u2033 da_disable_devices=\u201daus|aus|aus\u201d global_module=\u201d3029\u2033 global_colors_info=\u201d{}\u201d da_is_popup=\u201daus\u201d da_exit_intent=\u201daus\u201d da_has_close=\u201dan\u201d da_alt_close=\u201daus\u201d da_dark_close=\u201daus\u201d da_not_modal=\u201dan\u201d da_is_singular=\u201daus\u201d da_with_loader=\u201daus\u201d da_has_shadow=\u201don\u201d][et_pb_row column_structure=\u201d1_3,1_3,1_3\u2033 _builder_version=\u201d4.5.6\u2033 global_colors_info=\u201d{}\u201d][et_pb_column type=\u201d1_3\u2033 _builder_version=\u201d4.4.7\u2033 global_colors_info=\u201d{}\u201d][et_pb_text _builder_version=\u201d4.5.6\u2033 text_text_color=\u201d#ffffff\u201d link_text_color=\u201d#a3a3a3\u2033 header_text_color=\u201d#ffffff\u201d global_colors_info=\u201d{}\u201d]<\/p>\n<p><strong>SITE LINKS<\/strong><\/p>\n<p><a href=\"https:\/\/drpreema.com\/de\/kontakt\/\" title=\"Kontaktieren Sie uns\">Kontaktieren Sie uns<\/a><\/p>\n<p><a href=\"https:\/\/drpreema.com\/de\/um\/\" title=\"\u00dcber uns\">\u00dcber uns<\/a><\/p>\n<p><a href=\"https:\/\/drpreema.com\/de\/behandlungen\/\" title=\"Behandlungen\">Behandlungen<\/a><\/p>\n<p><a href=\"https:\/\/drpreema.com\/de\/drucken\/\" title=\"Dr\u00fccken\">Dr\u00fccken<\/a><\/p>\n<p><a href=\"https:\/\/drpreema.com\/de\/blog\/\" title=\"Der Blog\">Der Blog<\/a><\/p>\n<p>[\/et_pb_text][\/et_pb_column][et_pb_column type=\u201d1_3\u2033 _builder_version=\u201d4.4.7\u2033 global_colors_info=\u201d{}\u201d][et_pb_text _builder_version=\u201d4.14.2\u2033 text_text_color=\u201d#b3b3b3\u2033 link_text_color=\u201d#b3b3b3\u2033 header_text_color=\u201d#a3a3a3\u2033 global_colors_info=\u201d{}\u201d]&nbsp;<\/p>\n<p><a href=\"https:\/\/drpreema.com\/de\/datenschutzrichtlinie\/\" title=\"Datenschutzrichtlinie\">Datenschutzrichtlinie<\/a><\/p>\n<p><a href=\"https:\/\/drpreema.com\/de\/geschaftsbedingungen\/\" title=\"Allgemeine Gesch\u00e4ftsbedingungen\">Allgemeine Gesch\u00e4ftsbedingungen<\/a><\/p>\n<p><a href=\"https:\/\/drpreema.com\/de\/termin-buchen\/\" title=\"Buchen Sie eine Behandlung\">Buchen Sie eine Behandlung<\/a><\/p>\n<p><a href=\"https:\/\/drpreema.com\/de\/trainingssuite\/\" title=\"Schulungsraumvermietung\">Raummiete<\/a><\/p>\n<p><a href=\"https:\/\/drpreema.com\/de\/um\/trainingssuite\/\" title=\"Schulungsraumvermietung\">Trainingssuite<\/a>[\/et_pb_text][\/et_pb_column][et_pb_column type=\u201d1_3\u2033 _builder_version=\u201d4.4.7\u2033 global_colors_info=\u201d{}\u201d][et_pb_text _builder_version=\u201d4.14.2\u2033 header_2_font_size=\u201d24px\u201d custom_padding=\u201d||0px|||\u201d inline_fonts=\u201dPrata\u201d global_colors_info=\u201d{}\u201d]<\/p>\n<div class=\"et_pb_module et_pb_text et_pb_text_3  et_pb_text_align_left et_pb_bg_layout_light et_had_animation\">\n<p class=\"et_pb_text_inner\"><span style=\"font-family: Prata; font-weight: normal; font-size: x-large; color: #999999;\"><a href=\"tel:4402072210043\" style=\"color: #999999;\">+44 (0)20 7221 0043<\/a><\/span><\/p>\n<p class=\"et_pb_text_inner\"><span style=\"font-family: Prata; font-weight: normal; font-size: x-large; color: #999999;\"><span>+447391153225<\/span><span style=\"font-size: medium; color: #999999;\"> \u2013 Nur WhatsApp<\/span><\/p>\n<\/div>\n<div class=\"et_pb_module et_pb_text et_pb_text_4  et_pb_text_align_left et_pb_bg_layout_light et_had_animation\">\n<div class=\"et_pb_text_inner\">\n<p><strong>DR. PREEMA LONDON KLINIK<\/strong><\/p>\n<p>AVENFIELD-HAUS<\/p>\n<\/div>\n<div class=\"et_pb_text_inner\">118-127 PARK LANE<\/div>\n<div class=\"et_pb_text_inner\">MAYFAIR<\/div>\n<div class=\"et_pb_text_inner\">LONDON<\/div>\n<div class=\"et_pb_text_inner\">W1K 7AF<\/div>\n<\/div>\n<p>[\/et_pb_text][\/et_pb_column][\/et_pb_row][\/et_pb_section]<\/p>","protected":false},"excerpt":{"rendered":"<p>Kontakt AGB AGB Produktk\u00e4ufe Stornierungen Sie k\u00f6nnen Ihre Bestellung jederzeit vor Auslieferung stornieren und erhalten den vollen Kaufpreis erstattet. Ausgenommen hiervon sind Bestellungen, bei denen Sie die Ware in der Dr. Preema London Clinic abholen. Bei diesen Bestellungen m\u00fcssen Sie [\u2026]<\/p>","protected":false},"author":2,"featured_media":0,"parent":0,"menu_order":0,"comment_status":"closed","ping_status":"closed","template":"","meta":{"_seopress_robots_primary_cat":"","_seopress_titles_title":"","_seopress_titles_desc":"","_seopress_robots_index":"","_et_pb_use_builder":"on","_et_pb_old_content":"","_et_gb_content_width":"","_monsterinsights_skip_tracking":false,"_monsterinsights_sitenote_active":false,"_monsterinsights_sitenote_note":"","_monsterinsights_sitenote_category":0,"footnotes":""},"class_list":["post-2832","page","type-page","status-publish"],"jetpack_sharing_enabled":true,"_links":{"self":[{"href":"https:\/\/drpreema.com\/de\/wp-json\/wp\/v2\/pages\/2832","targetHints":{"allow":["GET"]}}],"collection":[{"href":"https:\/\/drpreema.com\/de\/wp-json\/wp\/v2\/pages"}],"about":[{"href":"https:\/\/drpreema.com\/de\/wp-json\/wp\/v2\/types\/page"}],"author":[{"embeddable":true,"href":"https:\/\/drpreema.com\/de\/wp-json\/wp\/v2\/users\/2"}],"replies":[{"embeddable":true,"href":"https:\/\/drpreema.com\/de\/wp-json\/wp\/v2\/comments?post=2832"}],"version-history":[{"count":8,"href":"https:\/\/drpreema.com\/de\/wp-json\/wp\/v2\/pages\/2832\/revisions"}],"predecessor-version":[{"id":36716,"href":"https:\/\/drpreema.com\/de\/wp-json\/wp\/v2\/pages\/2832\/revisions\/36716"}],"wp:attachment":[{"href":"https:\/\/drpreema.com\/de\/wp-json\/wp\/v2\/media?parent=2832"}],"curies":[{"name":"wp","href":"https:\/\/api.w.org\/{rel}","templated":true}]}}