{"id":7813,"date":"2022-01-27T17:55:23","date_gmt":"2022-01-27T17:55:23","guid":{"rendered":"https:\/\/drpreema.com\/?page_id=7813"},"modified":"2026-02-25T10:37:21","modified_gmt":"2026-02-25T10:37:21","slug":"trainingssuite","status":"publish","type":"page","link":"https:\/\/drpreema.com\/de\/um\/trainingssuite\/","title":{"rendered":"VERMIETUNG VON TRAININGSR\u00c4UMEN"},"content":{"rendered":"<p>[et_pb_section fb_built=&#8221;1&#8243; admin_label=&#8221;Services&#8221; _builder_version=&#8221;3.22&#8243; da_disable_devices=&#8221;off|off|off&#8221; global_colors_info=&#8221;{}&#8221; use_background_color_gradient__hover=&#8221;off&#8221; use_background_color_gradient__hover_enabled=&#8221;off&#8221; background_color_gradient_start__hover=&#8221;#2b87da&#8221; background_color_gradient_start__hover_enabled=&#8221;#2b87da&#8221; background_color_gradient_end__hover=&#8221;#29c4a9&#8243; background_color_gradient_end__hover_enabled=&#8221;#29c4a9&#8243; background_color_gradient_type__hover=&#8221;linear&#8221; background_color_gradient_type__hover_enabled=&#8221;linear&#8221; background_color_gradient_direction__hover=&#8221;180deg&#8221; background_color_gradient_direction__hover_enabled=&#8221;180deg&#8221; background_color_gradient_direction_radial__hover=&#8221;center&#8221; background_color_gradient_direction_radial__hover_enabled=&#8221;center&#8221; background_color_gradient_start_position__hover=&#8221;0%&#8221; background_color_gradient_start_position__hover_enabled=&#8221;0%&#8221; background_color_gradient_end_position__hover=&#8221;100%&#8221; background_color_gradient_end_position__hover_enabled=&#8221;100%&#8221; background_color_gradient_overlays_image__hover=&#8221;off&#8221; background_color_gradient_overlays_image__hover_enabled=&#8221;off&#8221; parallax__hover=&#8221;off&#8221; parallax__hover_enabled=&#8221;off&#8221; parallax_method__hover=&#8221;on&#8221; parallax_method__hover_enabled=&#8221;on&#8221; background_size__hover=&#8221;cover&#8221; background_size__hover_enabled=&#8221;cover&#8221; background_position__hover=&#8221;center&#8221; background_position__hover_enabled=&#8221;center&#8221; background_repeat__hover=&#8221;no-repeat&#8221; background_repeat__hover_enabled=&#8221;no-repeat&#8221; background_blend__hover=&#8221;normal&#8221; background_blend__hover_enabled=&#8221;normal&#8221; allow_player_pause__hover=&#8221;off&#8221; allow_player_pause__hover_enabled=&#8221;off&#8221; background_video_pause_outside_viewport__hover=&#8221;on&#8221; background_video_pause_outside_viewport__hover_enabled=&#8221;on&#8221; da_is_popup=&#8221;off&#8221; da_exit_intent=&#8221;off&#8221; da_has_close=&#8221;on&#8221; da_alt_close=&#8221;off&#8221; da_dark_close=&#8221;off&#8221; da_not_modal=&#8221;on&#8221; da_is_singular=&#8221;off&#8221; da_with_loader=&#8221;off&#8221; da_has_shadow=&#8221;on&#8221;][et_pb_row _builder_version=&#8221;4.14.2&#8243; _module_preset=&#8221;default&#8221; global_colors_info=&#8221;{}&#8221;][et_pb_column type=&#8221;4_4&#8243; _builder_version=&#8221;4.14.2&#8243; _module_preset=&#8221;default&#8221; global_colors_info=&#8221;{}&#8221;][et_pb_text _builder_version=&#8221;4.14.2&#8243; _module_preset=&#8221;default&#8221; text_font=&#8221;Montserrat||||||||&#8221; header_text_align=&#8221;center&#8221; header_font_size=&#8221;50px&#8221; hover_enabled=&#8221;0&#8243; global_colors_info=&#8221;{}&#8221; sticky_enabled=&#8221;0&#8243;]<\/p>\n<h1>Schulungsr\u00e4ume und professionelle Besprechungsr\u00e4ume in Mayfair, im Zentrum Londons<\/h1>\n<p>[\/et_pb_text][et_pb_text _builder_version=&#8221;4.14.2&#8243; _module_preset=&#8221;default&#8221; hover_enabled=&#8221;0&#8243; global_colors_info=&#8221;{}&#8221; sticky_enabled=&#8221;0&#8243;]<\/p>\n<h2 style=\"text-align: center;\">Vielseitiger Raum f\u00fcr Firmenschulungen, Workshops, Seminare und professionelle Veranstaltungen \u2013 einschlie\u00dflich \u00e4sthetischer und medizinischer Weiterbildungen<\/h2>\n<p>[\/et_pb_text][\/et_pb_column][\/et_pb_row][et_pb_row column_structure=&#8221;1_2,1_2&#8243; _builder_version=&#8221;4.14.2&#8243; _module_preset=&#8221;default&#8221; global_colors_info=&#8221;{}&#8221;][et_pb_column type=&#8221;1_2&#8243; _builder_version=&#8221;4.14.2&#8243; _module_preset=&#8221;default&#8221; global_colors_info=&#8221;{}&#8221;][et_pb_image src=&#8221;https:\/\/drpreema.com\/wp-content\/uploads\/2022\/01\/IMG_1382-2.jpg&#8221; alt=&#8221;Training Suite at Dr Preema London Clinic with treatment couch, chairs arranged for delegates, and two large TV screens&#8221; title_text=&#8221;Room Hire Central London&#8221; align=&#8221;right&#8221; _builder_version=&#8221;4.14.2&#8243; _module_preset=&#8221;default&#8221; height=&#8221;386px&#8221; custom_padding=&#8221;|0px||0px|false|true&#8221; global_colors_info=&#8221;{}&#8221;][\/et_pb_image][\/et_pb_column][et_pb_column type=&#8221;1_2&#8243; _builder_version=&#8221;4.14.2&#8243; _module_preset=&#8221;default&#8221; global_colors_info=&#8221;{}&#8221;][et_pb_image src=&#8221;https:\/\/drpreema.com\/wp-content\/uploads\/2022\/01\/IMG_1377.jpg&#8221; alt=&#8221;Training suite in Mayfair, Central London set up in a classroom-style layout, with a treatment couch visible in the background for practical training sessions.&#8221; title_text=&#8221;Training Suite in Mayfair&#8221; _builder_version=&#8221;4.14.2&#8243; _module_preset=&#8221;default&#8221; custom_padding=&#8221;|0px||||&#8221; global_colors_info=&#8221;{}&#8221;][\/et_pb_image][\/et_pb_column][\/et_pb_row][et_pb_row column_structure=&#8221;1_2,1_2&#8243; _builder_version=&#8221;4.14.2&#8243; custom_margin=&#8221;|auto||auto|false|false&#8221; custom_padding=&#8221;||0px|||&#8221; global_colors_info=&#8221;{}&#8221;][et_pb_column type=&#8221;1_2&#8243; _builder_version=&#8221;4.3.2&#8243; global_colors_info=&#8221;{}&#8221;][et_pb_image src=&#8221;https:\/\/drpreema.com\/wp-content\/uploads\/2022\/01\/small-DRPREEMA_NEWCLINIC_SEPT-00301.jpg&#8221; alt=&#8221;A group of people receiving training whilst seated around a table&#8221; title_text=&#8221;Training Session at Dr Preema London Clinic&#8221; align=&#8221;center&#8221; _builder_version=&#8221;4.14.2&#8243; width=&#8221;100%&#8221; width_tablet=&#8221;&#8221; width_phone=&#8221;100%&#8221; width_last_edited=&#8221;on|phone&#8221; custom_margin=&#8221;|-8px||||&#8221; custom_padding=&#8221;|29px||||&#8221; module_alignment_tablet=&#8221;&#8221; module_alignment_phone=&#8221;center&#8221; module_alignment_last_edited=&#8221;on|phone&#8221; border_radii=&#8221;off|10px|10px|10px|10px&#8221; global_colors_info=&#8221;{}&#8221;][\/et_pb_image][\/et_pb_column][et_pb_column type=&#8221;1_2&#8243; _builder_version=&#8221;4.5.6&#8243; _module_preset=&#8221;default&#8221; global_colors_info=&#8221;{}&#8221;][et_pb_text quote_border_color=&#8221;#000000&#8243; _builder_version=&#8221;4.14.2&#8243; _module_preset=&#8221;default&#8221; quote_font=&#8221;Open Sans||||||||&#8221; quote_text_color=&#8221;#000000&#8243; quote_font_size=&#8221;16px&#8221; header_font=&#8221;Prata||||||||&#8221; header_text_color=&#8221;#000000&#8243; header_2_font=&#8221;Prata||||||||&#8221; custom_padding=&#8221;||0px|||&#8221; global_colors_info=&#8221;{}&#8221;]<\/p>\n<h2><span style=\"color: #020202;\">Trainingssuite<\/span><\/h2>\n<p data-start=\"225\" data-end=\"462\">Bei <span class=\"hover:entity-accent entity-underline inline cursor-pointer align-baseline\"><span class=\"whitespace-normal\">Dr. Preema London Klinik<\/span><\/span>, Unser 310 Quadratfu\u00df gro\u00dfer Trainingsraum bietet einen flexiblen, professionellen Raum im Herzen von Central London, ideal f\u00fcr Meetings, Workshops, Schulungen und kleine professionelle Veranstaltungen.<\/p>\n<p data-start=\"464\" data-end=\"502\">Die Suite bietet bequem Platz f\u00fcr:<\/p>\n<ul data-start=\"503\" data-end=\"667\">\n<li data-start=\"503\" data-end=\"555\">\n<p data-start=\"505\" data-end=\"555\"><strong>Etwa 10 G\u00e4ste<\/strong> in einer Konferenzraum-\u00e4hnlichen Anordnung<\/p>\n<\/li>\n<li data-start=\"556\" data-end=\"607\">\n<p data-start=\"558\" data-end=\"607\"><strong>Etwa 20 G\u00e4ste<\/strong> in einer klassenzimmer\u00e4hnlichen Einrichtung<\/p>\n<\/li>\n<li data-start=\"608\" data-end=\"667\">\n<p data-start=\"610\" data-end=\"667\"><strong>Etwa 10 G\u00e4ste<\/strong> f\u00fcr praktisches oder handfestes Training<\/p>\n<\/li>\n<\/ul>\n<p data-start=\"669\" data-end=\"974\">Die von Montag bis Samstag verf\u00fcgbare Trainingssuite befindet sich in unserer diskreten Mayfair-Klinik und bietet kostenlosen Tee und Kaffee, zwei Behandlungsliegen, die f\u00fcr praktische \u00dcbungen geeignet sind, sowie zwei gro\u00dfe Bildschirmfernseher mit Laptop- oder USB-Anschluss f\u00fcr Pr\u00e4sentationen und Schulungsmaterialien.<\/p>\n<p>[\/et_pb_text][\/et_pb_column][\/et_pb_row][et_pb_row column_structure=\u201d1_2,1_2\u2033 _builder_version=\u201d4.14.2\u2033 _module_preset=\u201ddefault\u201d global_colors_info=\u201d{}\u201d][et_pb_column type=\u201d1_2\u2033 _builder_version=\u201d4.14.2\u2033 _module_preset=\u201ddefault\u201d global_colors_info=\u201d{}\u201d][et_pb_text _builder_version=\u201d4.14.2\u2033 _module_preset=\u201ddefault\u201d header_font=\u201dPrata||||||||\u201d header_text_color=\u201d#000000\u2033 header_2_font=\u201dPrata||||||||\u201d custom_padding=\u201d||0px|||\u201d global_colors_info=\u201d{}\u201d]<\/p>\n<h2><span style=\"color: #020202;\">Behandlungsraumvermietung<\/span><\/h2>\n<p><span style=\"color: #020202;\"><\/span><\/p>\n<p>Zus\u00e4tzlicher praktischer Schulungsraum steht Ihnen durch die Anmietung eines unserer ger\u00e4umigen Behandlungsr\u00e4ume zur Verf\u00fcgung, ideal f\u00fcr Schulungen in kleinen Gruppen oder Einzeltrainings. Jeder Raum ist mit einer Behandlungsliege und einem gro\u00dfen Bildschirm mit Laptop-Anschluss ausgestattet und bietet Tageslicht sowie einen Blick auf den Hyde Park und die Park Lane.<\/p>\n<p><span style=\"color: #020202;\"><strong>F\u00fcr weitere Informationen f\u00fcllen Sie bitte das untenstehende Kontaktformular aus<\/strong><\/span><\/p>\n<p><span style=\"color: #020202;\"><strong> oder rufen Sie uns an unter 0207 221 0043<\/strong><\/span><\/p>\n<p>[\/et_pb_text][wpforms_selector form_id=\u201d8067\u2033 _builder_version=\u201d4.14.2\u2033 _module_preset=\u201ddefault\u201d global_colors_info=\u201d{}\u201d][\/wpforms_selector][\/et_pb_column][et_pb_column type=\u201d1_2\u2033 _builder_version=\u201d4.14.2\u2033 _module_preset=\u201ddefault\u201d global_colors_info=\u201d{}\u201d][et_pb_image src=\u201dhttps:\/\/drpreema.com\/wp-content\/uploads\/2022\/01\/IMG_3884.jpg\u201d alt=\u201dAu\u00dfenansicht der Trainingsr\u00e4ume der Dr. Preema London Clinic\u201d title_text=\u201dTrainingsr\u00e4ume in zentraler Lage in London zu mieten\u201d _builder_version=\u201d4.14.2\u2033 _module_preset=\u201ddefault\u201d border_radii=\u201don|10px|10px|10px|10px\u201d global_colors_info=\u201d{}\u201d][\/et_pb_image][et_pb_image src=\u201dhttps:\/\/drpreema.com\/wp-content\/uploads\/2022\/01\/IMG_0884-scaled.jpg\u201d alt=\u201dBehandlungsraum der Dr. Preema London Clinic aus einem anderen Blickwinkel, mit Behandlungsliege und viel Platz f\u00fcr \u00e4sthetische oder kosmetische Schulungen.\u201d title_text=\u201dGro\u00dfer Behandlungsraum in London mieten\u201d _builder_version=\u201d4.14.2\u2033 _module_preset=\u201ddefault\u201d width=\u201d100%\u201d border_radii=\u201don|10px|10px|10px|10px\u201d global_colors_info=\u201d{}\u201d][\/et_pb_image][\/et_pb_column][\/et_pb_row][et_pb_row _builder_version=\u201d4.14.2\u2033 _module_preset=\u201ddefault\u201d global_colors_info=\u201d{}\u201d][et_pb_column type=\u201d4_4\u2033 _builder_version=\u201d4.14.2\u2033 _module_preset=\u201ddefault\u201d global_colors_info=\u201d{}\u201d][et_pb_text _builder_version=\u201d4.14.2\u2033 _module_preset=\u201ddefault\u201d header_font=\u201dPrata||||||||\u201d header_text_color=\u201d#000000\u2033 header_2_font=\u201dPrata||||||||\u201d custom_padding=\u201d||0px|||\u201d global_colors_info=\u201d{}\u201d]<\/p>\n<h2><span style=\"color: #020202;\">Galerie<\/span><span style=\"color: #020202;\"><strong><\/strong><\/span><\/h2>\n<p>[\/et_pb_text][et_pb_gallery gallery_ids=\u201d7933,7862,7863,7864,7865,7866,7867,7868,7869,7870,7871\u2033 show_title_and_caption=\u201doff\u201d _builder_version=\u201d4.14.2\u2033 _module_preset=\u201ddefault\u201d border_radii=\u201don|10px|10px|10px|10px\u201d global_colors_info=\u201d{}\u201d][\/et_pb_gallery][\/et_pb_column][\/et_pb_row][\/et_pb_section][et_pb_section fb_built=\u201d1\u2033 _builder_version=\u201d4.4.7\u2033 background_color=\u201d#000000\u2033 width=\u201d100%\u201d min_height=\u201d313.8px\u201d custom_padding=\u201d0px||4px|||\u201d da_disable_devices=\u201doff|off|off\u201d global_module=\u201d3029\u2033 global_colors_info=\u201d{}\u201d da_is_popup=\u201doff\u201d da_exit_intent=\u201doff\u201d da_has_close=\u201don\u201d da_alt_close=\u201doff\u201d da_dark_close=\u201doff\u201d da_not_modal=\u201don\u201d da_is_singular=\u201doff\u201d da_with_loader=\u201doff\u201d da_has_shadow=\u201don\u201d][et_pb_row _builder_version=\u201d4.5.6\u2033 _module_preset=\u201ddefault\u201d module_alignment=\u201dcenter\u201d custom_margin=\u201d20px|auto|||false|false\u201d custom_padding=\u201d|||0px||\u201d global_colors_info=\u201d{}\u201d][et_pb_column type=\u201d4_4\u2033 _builder_version=\u201d4.5.6\u2033 _module_preset=\u201ddefault\u201d global_colors_info=\u201d{}\u201d][\/et_pb_column][\/et_pb_row][et_pb_row column_structure=\u201d1_3,1_3,1_3\u2033 _builder_version=\u201d4.5.6\u2033 global_colors_info=\u201d{}\u201d][et_pb_column type=\u201d1_3\u2033 _builder_version=\u201d4.4.7\u2033 global_colors_info=\u201d{}\u201d][et_pb_text _builder_version=\u201d4.5.6\u2033 text_text_color=\u201d#ffffff\u201d link_text_color=\u201d#a3a3a3\u2033 header_text_color=\u201d#ffffff\u201d global_colors_info=\u201d{}\u201d]<\/p>\n<p><strong>SITE LINKS<\/strong><\/p>\n<p><a href=\"https:\/\/drpreema.com\/de\/kontakt\/\" title=\"Kontaktieren Sie uns\">Kontaktieren Sie uns<\/a><\/p>\n<p><a href=\"https:\/\/drpreema.com\/de\/um\/\" title=\"\u00dcber uns\">\u00dcber uns<\/a><\/p>\n<p><a href=\"https:\/\/drpreema.com\/de\/behandlungen\/\" title=\"Behandlungen\">Behandlungen<\/a><\/p>\n<p><a href=\"https:\/\/drpreema.com\/de\/drucken\/\" title=\"Dr\u00fccken\">Dr\u00fccken<\/a><\/p>\n<p><a href=\"https:\/\/drpreema.com\/de\/blog\/\" title=\"Der Blog\">Der Blog<\/a><\/p>\n<p>[\/et_pb_text][et_pb_divider color=\u201d#666666\u2033 _builder_version=\u201d4.5.6\u2033 _module_preset=\u201ddefault\u201d width=\u201d30%\u201d width_tablet=\u201d\u201d width_phone=\u201d60%\u201d width_last_edited=\u201don|phone\u201d module_alignment=\u201dcenter\u201d global_colors_info=\u201d{}\u201d][\/et_pb_divider][\/et_pb_column][et_pb_column type=\u201d1_3\u2033 _builder_version=\u201d4.4.7\u2033 global_colors_info=\u201d{}\u201d][et_pb_text _builder_version=\u201d4.14.2\u2033 text_text_color=\u201d#b3b3b3\u2033 link_text_color=\u201d#b3b3b3\u2033 header_text_color=\u201d#a3a3a3\u2033 global_colors_info=\u201d{}\u201d]&nbsp;<\/p>\n<p><a href=\"https:\/\/drpreema.com\/de\/datenschutzrichtlinie\/\" title=\"Datenschutzrichtlinie\">Datenschutzrichtlinie<\/a><\/p>\n<p><a href=\"https:\/\/drpreema.com\/de\/geschaftsbedingungen\/\" title=\"Allgemeine Gesch\u00e4ftsbedingungen\">Allgemeine Gesch\u00e4ftsbedingungen<\/a><\/p>\n<p><a href=\"https:\/\/drpreema.com\/de\/termin-buchen\/\" title=\"Buchen Sie eine Behandlung\">Buchen Sie eine Behandlung<\/a><\/p>\n<p><a href=\"https:\/\/drpreema.com\/de\/trainingssuite\/\" title=\"Schulungsraumvermietung\">Raummiete<\/a><\/p>\n<p><a href=\"https:\/\/drpreema.com\/de\/um\/trainingssuite\/\" title=\"Schulungsraumvermietung\">Trainingssuite<\/a>[\/et_pb_text][\/et_pb_column][et_pb_column type=\u201d1_3\u2033 _builder_version=\u201d4.14.2\u2033 custom_padding=\u201d||0px||false|false\u201d global_colors_info=\u201d{}\u201d][et_pb_text _builder_version=\u201d4.14.2\u2033 text_font=\u201dMontserrat|500|||||||\u201d text_line_height=\u201d0.8em\u201d header_line_height=\u201d1.4em\u201d header_2_font_size=\u201d24px\u201d custom_margin=\u201d0px||0px||false|false\u201d custom_padding=\u201d0px||0px||false|false\u201d inline_fonts=\u201dPrata, Montserrat\u201d global_colors_info=\u201d{}\u201d]<\/p>\n<div class=\"et_pb_module et_pb_text et_pb_text_3  et_pb_text_align_left et_pb_bg_layout_light et_had_animation\">\n<p><a href=\"tel:+4402072210043\" title=\"Telefonnummer\"><span style=\"font-family: Montserrat; font-weight: normal; font-size: x-large; color: #ffffff;\"><strong><span style=\"font-family: Montserrat;\">+44 (0)20 7221 0043<\/span><\/strong><\/span><\/a><\/p>\n<p><span style=\"font-family: Montserrat; font-weight: normal; font-size: x-large; color: #ffffff;\"><strong><span style=\"font-family: Montserrat;\">+447391153225<\/span><\/strong><span style=\"font-size: medium; color: #ffffff;\"> \u2013 Nur WhatsApp<\/span><\/span><\/p>\n<p><span style=\"font-family: Montserrat; font-weight: normal; font-size: x-large; color: #ffffff;\"><span style=\"font-size: medium; color: #ffffff;\"><\/span><\/span><span style=\"font-family: Montserrat; font-weight: normal; font-size: small; color: #ffffff;\"><strong>Dr. Preema London Klinik<\/strong><\/span><\/p>\n<p><span style=\"font-family: Montserrat; font-weight: normal; font-size: small; color: #ffffff;\">Avenfield Haus<\/span><\/p>\n<p><span style=\"font-family: Montserrat; font-weight: normal; font-size: small; color: #ffffff;\">118-127 Park Lane<\/span><\/p>\n<p><span style=\"font-family: Montserrat; font-weight: normal; font-size: small; color: #ffffff;\">Mayfair<\/span><\/p>\n<p><span style=\"font-family: Montserrat; font-weight: normal; font-size: small; color: #ffffff;\">London<\/span><\/p>\n<p><span style=\"font-family: Montserrat; font-weight: normal; font-size: small; color: #ffffff;\">W1K 7AF<\/span><\/p>\n<\/div>\n<p>[\/et_pb_text][\/et_pb_column][\/et_pb_row][et_pb_row _builder_version=\u201d3.25\u2033 min_height=\u201d119px\u201d custom_margin=\u201d20px||20px||true\u201d global_colors_info=\u201d{}\u201d][et_pb_column type=\u201d4_4\u2033 _builder_version=\u201d3.25\u2033 custom_padding=\u201d|||\u201d global_colors_info=\u201d{}\u201d custom_padding__hover=\u201d|||\u201d][et_pb_social_media_follow _builder_version=\u201d4.5.6\u2033 text_orientation=\u201dcenter\u201d border_radii=\u201don|100px|100px|100px|100px\u201d global_colors_info=\u201d{}\u201d][et_pb_social_media_follow_network social_network=\u201dfacebook\u201d url=\u201dhttps:\/\/www.facebook.com\/drpreema\/\u201d _builder_version=\u201d4.5.6\u2033 background_color=\u201drgba(0,0,0,0.68)\u201d background_enable_color=\u201don\u201d custom_margin=\u201d|5px||5px||true\u201d custom_padding=\u201d10px|10px|10px|10px|true|true\u201d global_colors_info=\u201d{}\u201d follow_button=\u201daus\u201d url_new_window=\u201dan\u201d]Facebook[\/et_pb_social_media_follow_network][et_pb_social_media_follow_network social_network=\u201dTwitter\u201d url=\u201dhttps:\/\/twitter.com\/drpreema\u201d _builder_version=\u201d4.5.6\u2033 background_color=\u201drgba(0,0,0,0.68)\u201d background_enable_color=\u201dan\u201d custom_margin=\u201d|5px||5px||true\u201d custom_padding=\u201d10px|10px|10px|10px|true|true\u201d global_colors_info=\u201d{}\u201d follow_button=\u201daus\u201d url_new_window=\u201dan\u201d]Twitter[\/et_pb_social_media_follow_network][et_pb_social_media_follow_network social_network=\u201dInstagram\u201d url=\u201dhttps:\/\/www.instagram.com\/drpreema\/\u201d _builder_version=\u201d4.5.6\u2033 background_color=\u201drgba(0,0,0,0.68)\u201d background_enable_color=\u201dan\u201d custom_margin=\u201d|5px||5px||true\u201d custom_padding=\u201d10px|10px|10px|10px|true|true\u201d global_colors_info=\u201d{}\u201d follow_button=\u201daus\u201d url_new_window=\u201dauf\u201d]Instagram[\/et_pb_social_media_follow_network][\/et_pb_social_media_follow][\/et_pb_column][\/et_pb_row][\/et_pb_section]<\/p>","protected":false},"excerpt":{"rendered":"<p>Training Suite &amp; Professional Meeting Space in Mayfair, Central LondonVersatile space for corporate training, workshops, seminars, and professional events &#8211; including aesthetic and medical educationTraining Suite At Dr Preema London Clinic, our 310 sq ft Training Suite offers a flexible, professional space in the heart of\u00a0Central London, ideal for meetings, workshops, training sessions and small [&hellip;]<\/p>","protected":false},"author":3,"featured_media":7879,"parent":36499,"menu_order":3,"comment_status":"closed","ping_status":"closed","template":"","meta":{"_seopress_robots_primary_cat":"","_seopress_titles_title":"Training Suite Meeting Room Hire Mayfair | Dr Preema London","_seopress_titles_desc":"Training Suite and Meeting Room Hire in Mayfair, London. Ideal space for workshops, corporate events, lectures and medical training.","_seopress_robots_index":"","_et_pb_use_builder":"on","_et_pb_old_content":"","_et_gb_content_width":"","_monsterinsights_skip_tracking":false,"_monsterinsights_sitenote_active":false,"_monsterinsights_sitenote_note":"","_monsterinsights_sitenote_category":0,"footnotes":""},"class_list":["post-7813","page","type-page","status-publish","has-post-thumbnail"],"jetpack_sharing_enabled":true,"_links":{"self":[{"href":"https:\/\/drpreema.com\/de\/wp-json\/wp\/v2\/pages\/7813","targetHints":{"allow":["GET"]}}],"collection":[{"href":"https:\/\/drpreema.com\/de\/wp-json\/wp\/v2\/pages"}],"about":[{"href":"https:\/\/drpreema.com\/de\/wp-json\/wp\/v2\/types\/page"}],"author":[{"embeddable":true,"href":"https:\/\/drpreema.com\/de\/wp-json\/wp\/v2\/users\/3"}],"replies":[{"embeddable":true,"href":"https:\/\/drpreema.com\/de\/wp-json\/wp\/v2\/comments?post=7813"}],"version-history":[{"count":39,"href":"https:\/\/drpreema.com\/de\/wp-json\/wp\/v2\/pages\/7813\/revisions"}],"predecessor-version":[{"id":56540,"href":"https:\/\/drpreema.com\/de\/wp-json\/wp\/v2\/pages\/7813\/revisions\/56540"}],"up":[{"embeddable":true,"href":"https:\/\/drpreema.com\/de\/wp-json\/wp\/v2\/pages\/36499"}],"wp:featuredmedia":[{"embeddable":true,"href":"https:\/\/drpreema.com\/de\/wp-json\/wp\/v2\/media\/7879"}],"wp:attachment":[{"href":"https:\/\/drpreema.com\/de\/wp-json\/wp\/v2\/media?parent=7813"}],"curies":[{"name":"wp","href":"https:\/\/api.w.org\/{rel}","templated":true}]}}