{"id":23290,"date":"2023-08-27T13:58:18","date_gmt":"2023-08-27T13:58:18","guid":{"rendered":"https:\/\/drpreema.com\/?page_id=23290"},"modified":"2025-05-23T17:23:50","modified_gmt":"2025-05-23T17:23:50","slug":"celulas-madre","status":"publish","type":"page","link":"https:\/\/drpreema.com\/es\/tratos\/rostro\/celulas-madre\/","title":{"rendered":"C\u00c9LULAS MADRE Y EXOSOMAS"},"content":{"rendered":"<p>[et_pb_section fb_built=\u201d1\u2033 theme_builder_area=\u201dpost_content\u201d _builder_version=\u201d4.14.2\u2033 _module_preset=\u201ddefault\u201d custom_padding=\u201d||0px|||\u201d min_height=\u201d186px\u201d custom_margin=\u201d||-61px|||\u201d da_is_popup=\u201ddesactivado\u201d da_exit_intent=\u201ddesactivado\u201d da_has_close=\u201dactivado\u201d da_alt_close=\u201ddesactivado\u201d da_dark_close=\u201ddesactivado\u201d da_not_modal=\u201dactivado\u201d da_is_singular=\u201ddesactivado\u201d da_with_loader=\u201ddesactivado\u201d da_has_shadow=\u201dactivado\u201d da_disable_devices=\u201ddesactivado|desactivado|desactivado\u201d][et_pb_row _builder_version=\u201d4.14.2\u2033 _module_preset=\u201dpredeterminado\u201d theme_builder_area=\u201dpost_content\u201d min_height=\u201d39px\u201d][et_pb_column _builder_version=\u201d4.14.2\u2033 _module_preset=\u201dpredeterminado\u201d type=\u201d4_4\u2033 theme_builder_area=\u201dpost_content\u201d][et_pb_text Versi\u00f3n del constructor: 4.14.2. Preajuste del m\u00f3dulo: predeterminado. Tama\u00f1o de fuente del encabezado: 40 px. Activaci\u00f3n del hover: 0. Activaci\u00f3n del sticky: 0. \u00c1rea del constructor del tema: contenido de la publicaci\u00f3n.<\/p>\n<h1>C\u00e9lulas madre y exosomas<\/h1>\n<p>[\/et_pb_text][\/et_pb_column][\/et_pb_row][\/et_pb_section][et_pb_section fb_built=\u201d1\u2033 admin_label=\u201dServicios\u201d _builder_version=\u201d3.22\u2033 da_disable_devices=\u201doff|off|off\u201d global_colors_info=\u201d{}\u201d use_background_color_gradient__hover=\u201doff\u201d use_background_color_gradient__hover_enabled=\u201doff\u201d background_color_gradient_start__hover=\u201d#2b87da\u201d background_color_gradient_start__hover_enabled=\u201d#2b87da\u201d background_color_gradient_end__hover=\u201d#29c4a9\u2033 background_color_gradient_end__hover_enabled=\u201d#29c4a9\u2033 Tipo de degradado de color de fondo__hover=\u201dlineal\u201d Tipo de degradado de color de fondo__hover_habilitado=\u201dlineal\u201d Direcci\u00f3n de degradado de color de fondo__hover=\u201d180 grados\u201d Direcci\u00f3n de degradado de color de fondo__hover_habilitado=\u201d180 grados\u201d Direcci\u00f3n de degradado de color de fondo radial__hover=\u201dcentro\u201d Direcci\u00f3n de degradado de color de fondo radial__hover_habilitado=\u201dcentro\u201d Posici\u00f3n inicial de degradado de color de fondo__hover=\u201d0%\u201d Posici\u00f3n inicial de degradado de color de fondo__hover_habilitado=\u201d0%\u201d Posici\u00f3n final de degradado de color de fondo__hover=\u201d100%\u201d Posici\u00f3n final de degradado de color de fondo__hover_habilitado=\u201d100%\u201d Imagen de superposiciones de degradado de color de fondo__hover=\u201ddesactivado\u201d background_color_gradient_overlays_image__hover_enabled=\u201doff\u201d parallax__hover=\u201doff\u201d parallax__hover_enabled=\u201doff\u201d parallax_method__hover=\u201don\u201d parallax_method__hover_enabled=\u201don\u201d background_size__hover=\u201dcover\u201d background_size__hover_enabled=\u201dcover\u201d background_position__hover=\u201dcenter\u201d background_position__hover_enabled=\u201dcenter\u201d background_repeat__hover=\u201dno-repeat\u201d background_repeat__hover_enabled=\u201dno-repeat\u201d background_blend__hover=\u201dnormal\u201d background_blend__hover_enabled=\u201dnormal\u201d allow_player_pause__hover=\u201doff\u201d allow_player_pause__hover_enabled=\u201doff\u201d background_video_pause_outside_viewport__hover=\u201don\u201d background_video_pause_outside_viewport__hover_enabled=\u201dactivado\u201d da_is_popup=\u201ddesactivado\u201d da_exit_intent=\u201ddesactivado\u201d da_has_close=\u201dactivado\u201d da_alt_close=\u201ddesactivado\u201d da_dark_close=\u201ddesactivado\u201d da_not_modal=\u201dactivado\u201d da_is_singular=\u201ddesactivado\u201d da_with_loader=\u201ddesactivado\u201d da_has_shadow=\u201dactivado\u201d][et_pb_row estructura_columna=\u201d1_2,1_2\u2033 _builder_version=\u201d4.14.2\u2033 _module_preset=\u201dpredeterminado\u201d hover_enabled=\u201d0\u2033 bloqueado=\u201ddesactivado\u201d informaci\u00f3n_colores_globales=\u201d{}\u201d margen_personalizado=\u201d|autom\u00e1tico|-82px|autom\u00e1tico||\u201d relleno_personalizado=\u201d0px|||||\u201d sticky_enabled=\u201d0\u2033][et_pb_column type=\u201d1_2\u2033 _builder_version=\u201d4.14.2\u2033 _module_preset=\u201ddefault\u201d global_colors_info=\u201d{}\u201d][et_pb_text _builder_version=\u201d4.14.2\u2033 text_font=\u201d||||||||\u201d text_line_height=\u201d2em\u201d header_font=\u201d||||||||\u201d header_2_font=\u201dPrata||||||||\u201d header_3_font=\u201dPrata||||||||\u201d tama\u00f1o de fuente del encabezado 3 = 20 px; altura de l\u00ednea del encabezado 3 = 1.6 em; margen personalizado = 1 px; falso; margen personalizado de tableta = 30 px; falso; margen personalizado de tel\u00e9fono = 0 px; falso; margen personalizado de \u00faltima edici\u00f3n = en el tel\u00e9fono; relleno personalizado = 4 px URL de opci\u00f3n de enlace = &quot;#&quot; bloqueado = &quot;desactivado&quot; informaci\u00f3n de colores globales = &quot;{}&quot; color de texto__hover = &quot;#ff7a6b&quot; color de texto del encabezado 3__hover = &quot;#ff7a6b&quot; tama\u00f1o de fuente del encabezado 4__hover = &quot;18px&quot; tama\u00f1o de fuente del encabezado 4__hover_enabled = &quot;18px&quot; espacio entre letras del encabezado 4__hover = &quot;0px&quot; espacio entre letras del encabezado 4__hover_enabled = &quot;0px&quot; altura de l\u00ednea del encabezado 4__hover = &quot;1em&quot; altura de l\u00ednea del encabezado 4__hover_enabled = &quot;1em&quot; estilo de sombra de texto del encabezado 4__hover = &quot;ninguno&quot; estilo de sombra de texto del encabezado 4__hover_enabled = &quot;ninguno&quot; color_sombra_del_texto_encabezado_4__hover=\u201drgba(0,0,0,0.4)\u201d color_sombra_del_texto_encabezado_4__hover_enabled=\u201drgba(0,0,0,0.4)\u201d]<\/p>\n<h2>Exosomas<\/h2>\n<p>Los exosomas, precursores de las c\u00e9lulas madre, contienen 380 factores de crecimiento, 30 formas de col\u00e1geno y siete ingredientes activos. <span>Los exosomas son se\u00f1ales emitidas por nuestras c\u00e9lulas madre para transmitir a la piel los mensajes clave del cuerpo, incluyendo la necesidad de reparaci\u00f3n tisular y regeneraci\u00f3n cut\u00e1nea. Esto los convierte en el complemento perfecto para muchos de nuestros tratamientos antienvejecimiento y de rejuvenecimiento cut\u00e1neo.<\/span><\/p>\n<p>[\/et_pb_text][et_pb_button URL del bot\u00f3n=\u201d@ET-DC@eyJkeW5hbWljIjp0cnVlLCJjb250ZW50IjoicG9zdF9saW5rX3VybF9wYWdlIiwic2V0dGluZ3MiOnsicG9zdF9pZCI6IjIzMjcxIn19@\u201d Texto del bot\u00f3n=\u201dVisitar p\u00e1gina\u201d Alineaci\u00f3n del bot\u00f3n=\u201dizquierda\u201d _versi\u00f3n del generador=\u201d4.14.2\u2033 _atributos din\u00e1micos=\u201dURL del bot\u00f3n\u201d Bot\u00f3n personalizado=\u201dactivado\u201d Tama\u00f1o del texto del bot\u00f3n=\u201d12px\u201d Color del texto del bot\u00f3n=\u201d#ffffff\u201d Color del fondo del bot\u00f3n=\u201d#000000\u2033 Ancho del borde del bot\u00f3n=\u201d0px\u201d radio_del_borde_del_bot\u00f3n=\u201d0px\u201d espaciado_entre_letras_del_bot\u00f3n=\u201d3px\u201d fuente_del_bot\u00f3n=\u201dOpenSans|700||on|||||\u201d Relleno personalizado = 20 px | 30 px | 20 px | 30 px | verdadero | verdadero. Bloqueado = desactivado. Informaci\u00f3n global de colores = {}. Color del texto del bot\u00f3n (hover habilitado) = activado | Escritorio. Color del texto del bot\u00f3n (hover habilitado) = #ffffff. Color del fondo del bot\u00f3n (hover habilitado) = activado | Escritorio. Color del fondo del bot\u00f3n (hover habilitado) = rgba(0,0,0,0.76). Relleno personalizado (hover habilitado) = activado. Relleno personalizado (hover habilitado) = 40 px | falso. Color de habilitar el fondo del bot\u00f3n (hover habilitado) = activado. ][\/et_pb_button][\/et_pb_column][et_pb_column _builder_version = 4.14.2\u2033 _module_preset = predeterminado. tipo=\u201d1_2\u2033][et_pb_text _builder_version=\u201d4.14.2\u2033 fuente_texto=\u201d||||||||\u201d altura_l\u00ednea_texto=\u201d2em\u201d fuente_encabezado=\u201d||||||||\u201d fuente_encabezado=\u201dPlata||||||||\u201d fuente_encabezado=\u201dPlata||||||||\u201d tama\u00f1o_fuente_encabezado=\u201d20px\u201d altura_l\u00ednea_encabezado=\u201d1.6em\u201d margen_personalizado=\u201d2px||||falso|falso\u201d margen_tableta_personalizado=\u201d30px||||falso|falso\u201d margen_tel\u00e9fono_personalizado=\u201d0px||||falso|falso\u201d \u00faltima_edici\u00f3n_margen_personalizado=\u201den|tel\u00e9fono\u201d relleno_personalizado=\u201d8px|||||\u201d URL de opci\u00f3n de enlace = &quot;#&quot; bloqueado = &quot;desactivado&quot; informaci\u00f3n de colores globales = &quot;{}&quot; color de texto__hover = &quot;#ff7a6b&quot; color de texto del encabezado 3__hover = &quot;#ff7a6b&quot; tama\u00f1o de fuente del encabezado 4__hover = &quot;18px&quot; tama\u00f1o de fuente del encabezado 4__hover_enabled = &quot;18px&quot; espacio entre letras del encabezado 4__hover = &quot;0px&quot; espacio entre letras del encabezado 4__hover_enabled = &quot;0px&quot; altura de l\u00ednea del encabezado 4__hover = &quot;1em&quot; altura de l\u00ednea del encabezado 4__hover_enabled = &quot;1em&quot; estilo de sombra de texto del encabezado 4__hover = &quot;ninguno&quot; estilo de sombra de texto del encabezado 4__hover_enabled = &quot;ninguno&quot; color_sombra_del_texto_encabezado_4__hover=\u201drgba(0,0,0,0.4)\u201d color_sombra_del_texto_encabezado_4__hover_enabled=\u201drgba(0,0,0,0.4)\u201d altura_m\u00ednima=\u201d181.5px\u201d]<\/p>\n<h2><span style=\"font-weight: 400;\"><span>Calecim<span style=\"font-size: x-small; font-family: inherit; font-weight: normal;\"><sup>\u00ae<\/sup><\/span> C\u00e9lulas madre para el rostro<\/span><\/span><\/h2>\n<p>Fruto de m\u00e1s de una d\u00e9cada de investigaci\u00f3n, las c\u00e9lulas madre de Calecim son \u00fanicas por su alta concentraci\u00f3n de factores de crecimiento especializados y citocinas que estimulan la regeneraci\u00f3n y reparaci\u00f3n celular. Se ha demostrado que mejoran la textura, el tono y la firmeza de la piel, adem\u00e1s de reducir la aparici\u00f3n de l\u00edneas de expresi\u00f3n y arrugas.<\/p>\n<p>[\/et_pb_text][et_pb_button URL del bot\u00f3n=\u201d@ET-DC@eyJkeW5hbWljIjp0cnVlLCJjb250ZW50IjoicG9zdF9saW5rX3VybF9wYWdlIiwic2V0dGluZ3MiOnsicG9zdF9pZCI6IjE5NzI3In19@\u201d Texto del bot\u00f3n=\u201dVisitar p\u00e1gina\u201d Alineaci\u00f3n del bot\u00f3n=\u201dizquierda\u201d _versi\u00f3n del generador=\u201d4.14.2\u2033 _atributos din\u00e1micos=\u201dURL del bot\u00f3n\u201d Bot\u00f3n personalizado=\u201dactivado\u201d Tama\u00f1o del texto del bot\u00f3n=\u201d12px\u201d Color del texto del bot\u00f3n=\u201d#ffffff\u201d Color del fondo del bot\u00f3n=\u201d#000000\u2033 Ancho del borde del bot\u00f3n=\u201d0px\u201d radio_del_borde_del_bot\u00f3n=\u201d0px\u201d espaciado_entre_letras_del_bot\u00f3n=\u201d3px\u201d fuente_del_bot\u00f3n=\u201dOpenSans|700||on|||||\u201d Relleno personalizado = 20 px | 30 px | 20 px | 30 px | verdadero | verdadero. Bloqueado = desactivado. Informaci\u00f3n global de colores = {}. Color del texto del bot\u00f3n __hover habilitado = activado | Escritorio. Color del texto del bot\u00f3n __hover habilitado = #ffffff. Color del fondo del bot\u00f3n __hover habilitado = activado | Escritorio. Color del fondo del bot\u00f3n __hover habilitado = rgba(0,0,0,0.76). Relleno personalizado __hover habilitado = activado. Relleno personalizado __hover habilitado = 40 px | | | | falso. Color de habilitar el fondo del bot\u00f3n __hover habilitado = activado. ][\/et_pb_button][\/et_pb_column][\/et_pb_row][\/et_pb_section][et_pb_section fb_built = 1 Relleno personalizado de \u00faltima edici\u00f3n = \u00abactivado\u00bb | \u00abTel\u00e9fono\u00bb | \u00abEtiqueta de administrador\u00bb | \u00abPie de p\u00e1gina\u00bb | \u00abVersi\u00f3n del generador\u00bb | \u00ab4.14.2\u00bb | \u00abColor de fondo\u00bb | \u00ab#000000\u00bb | \u00abImagen de fondo\u00bb | \u00abhttps:\/\/drpreema.com\/wp-content\/uploads\/2022\/02\/DRPREEMA_NEWCLINIC_SEPT-01098-72dpi.jpg\u00bb | \u00abImagen de fondo habilitada\u00bb | \u00abDesactivado\u00bb | \u00abRelleno personalizado de tableta\u00bb | \u00abRelleno personalizado de tel\u00e9fono\u00bb | \u00ab0vw|10vw|1vw|0px|falso|falso\u00bb | \u00abDispositivos desactivados\u00bb | \u00abM\u00f3dulo global\u00bb | \u00ab4485\u00bb | \u00abPesta\u00f1as guardadas\u00bb | \u00abTodos\u00bb | \u00abInformaci\u00f3n de colores globales\u00bb | \u00ab{}\u00bb da_is_popup=\u201ddesactivado\u201d da_exit_intent=\u201ddesactivado\u201d da_has_close=\u201dactivado\u201d da_alt_close=\u201ddesactivado\u201d da_dark_close=\u201ddesactivado\u201d da_not_modal=\u201dactivado\u201d da_is_singular=\u201ddesactivado\u201d da_with_loader=\u201ddesactivado\u201d da_has_shadow=\u201dactivado\u201d][et_pb_row _builder_version=\u201d3.25\u2033 min_height=\u201d119px\u201d custom_margin=\u201d20px||20px||true\u201d global_colors_info=\u201d{}\u201d][et_pb_column type=\u201d4_4\u2033 _builder_version=\u201d3.25\u2033 custom_padding=\u201d|||\u201d Informaci\u00f3n global de colores = &quot;{}&quot; relleno_personalizado__hover = &quot;|||&quot;][et_pb_social_media_follow _builder_version = &quot;4.5.6&quot; orientaci\u00f3n_texto = &quot;centro&quot; radio_border = &quot;activado | 100 px | 100 px | 100 px | 100 px&quot; Informaci\u00f3n global de colores = &quot;{}&quot;][et_pb_social_media_follow_network red_social = &quot;facebook&quot; url = &quot;https:\/\/www.facebook.com\/drpreema\/&quot; _builder_version = &quot;4.5.6&quot; color_fondo = &quot;rgba(0,0,0,0.68)&quot; color_fondo_habilitado = &quot;activado&quot; margen_personalizado = &quot;|5 px | 5 px | verdadero&quot; relleno_personalizado = &quot;10 px | 10 px | 10 px | 10 px | verdadero&quot; Informaci\u00f3n global de colores = &quot;{}&quot; bot\u00f3n_seguir=\u201ddesactivado\u201d nueva_ventana_url=\u201dactivado\u201d]facebook[\/et_pb_social_media_follow_network][et_pb_social_media_follow_network red_social=\u201dtwitter\u201d url=\u201dhttps:\/\/twitter.com\/drpreema\u201d _builder_version=\u201d4.5.6\u2033 color_de_fondo=\u201drgba(0,0,0,0.68)\u201d color_de_fondo_activado=\u201dactivado\u201d margen_personalizado=\u201d|5px||5px||verdadero\u201d relleno_personalizado=\u201d10px|10px|10px|10px|verdadero|verdadero\u201d informaci\u00f3n_de_colores_globales=\u201d{}\u201d bot\u00f3n_seguir=\u201ddesactivado\u201d nueva_ventana_url=\u201dactivado\u201d]twitter[\/et_pb_social_media_follow_network][et_pb_social_media_follow_network red_social=\u201dinstagram\u201d url=\u201dhttps:\/\/www.instagram.com\/drpreema\/\u201d _builder_version=\u201d4.5.6\u2033 background_color=\u201drgba(0,0,0,0.68)\u201d background_enable_color=\u201don\u201d custom_margin=\u201d|5px||5px||true\u201d custom_padding=\u201d10px|10px|10px|10px|true|true\u201d global_colors_info=\u201d{}\u201d follow_button=\u201doff\u201d url_new_window=\u201don\u201d]instagram[\/et_pb_social_media_follow_network][\/et_pb_social_media_follow][\/et_pb_column][\/et_pb_row][\/et_pb_section][et_pb_section fb_built=\u201d1\u2033 _builder_version=\u201d4.4.7\u2033 color de fondo=\u201d#000000\u2033 ancho=\u201d100%\u201d altura m\u00ednima=\u201d313.8px\u201d relleno personalizado=\u201d0px||4px|||\u201d da_disable_devices=\u201doff|off|off\u201d m\u00f3dulo_global=\u201d3029\u2033 informaci\u00f3n_colores_global=\u201d{}\u201d da_is_popup=\u201doff\u201d intenci\u00f3n_salida=\u201doff\u201d tiene_close=\u201don\u201d cierre_alt=\u201doff\u201d cierre_oscuro=\u201doff\u201d no_modal=\u201don\u201d es_is_singular=\u201doff\u201d con_loader=\u201doff\u201d tiene_shadow=\u201don\u201d][et_pb_row estructura_columna=\u201d1_3,1_3,1_3\u2033 versi\u00f3n_constructor=\u201d4.5.6\u2033 informaci\u00f3n_colores_global=\u201d{}\u201d][et_pb_column tipo=\u201d1_3\u2033 versi\u00f3n_constructor=\u201d4.4.7\u2033 informaci\u00f3n_colores_global=\u201d{}\u201d][et_pb_texto Versi\u00f3n del constructor: 4.5.6, color del texto: #ffffff, color del enlace: #a3a3a3, color del encabezado: #ffffff, informaci\u00f3n global de colores: {}<\/p>\n<p><strong>ENLACES DEL SITIO<\/strong><\/p>\n<p><a href=\"https:\/\/drpreema.com\/es\/contacto\/\" title=\"Cont\u00e1ctenos\">Cont\u00e1ctenos<\/a><\/p>\n<p><a href=\"https:\/\/drpreema.com\/es\/acerca-de\/\" title=\"Sobre nosotros\">Sobre nosotros<\/a><\/p>\n<p><a href=\"https:\/\/drpreema.com\/es\/tratos\/\" title=\"Tratos\">Tratos<\/a><\/p>\n<p><a href=\"https:\/\/drpreema.com\/es\/prensa\/\" title=\"Prensa\">Prensa<\/a><\/p>\n<p><a href=\"https:\/\/drpreema.com\/es\/blog\/\" title=\"Blog\">Blog<\/a><\/p>\n<p>[\/et_pb_text][\/et_pb_column][et_pb_column tipo=\u201d1_3\u2033 _builder_version=\u201d4.4.7\u2033 global_colors_info=\u201d{}\u201d][et_pb_text _builder_version=\u201d4.14.2\u2033 text_text_color=\u201d#b3b3b3\u2033 link_text_color=\u201d#b3b3b3\u2033 header_text_color=\u201d#a3a3a3\u2033 global_colors_info=\u201d{}\u201d]&nbsp;<\/p>\n<p><a href=\"https:\/\/drpreema.com\/es\/politica-de-privacidad\/\" title=\"pol\u00edtica de privacidad\">pol\u00edtica de privacidad<\/a><\/p>\n<p><a href=\"https:\/\/drpreema.com\/es\/terminos-y-condiciones\/\" title=\"T\u00e9rminos y condiciones\">T\u00e9rminos y condiciones<\/a><\/p>\n<p><a href=\"https:\/\/drpreema.com\/es\/reservar-cita\/\" title=\"Reservar un tratamiento\">Reservar un tratamiento<\/a><\/p>\n<p><a href=\"https:\/\/drpreema.com\/es\/suite-de-entrenamiento\/\" title=\"Alquiler de sala de formaci\u00f3n\">Alquiler de salas<\/a><\/p>\n<p><a href=\"https:\/\/drpreema.com\/es\/acerca-de\/suite-de-entrenamiento\/\" title=\"Alquiler de sala de formaci\u00f3n\">Suite de capacitaci\u00f3n<\/a>[\/et_pb_text][\/et_pb_column][et_pb_column type=\u201d1_3\u2033 _builder_version=\u201d4.14.2\u2033 custom_padding=\u201d||0px||false|false\u201d global_colors_info=\u201d{}\u201d][et_pb_text _builder_version=\u201d4.14.2\u2033 text_font=\u201dMontserrat|500|||||||\u201d text_line_height=\u201d0.8em\u201d header_line_height=\u201d1.4em\u201d header_2_font_size=\u201d24px\u201d custom_margin=\u201d0px||0px||false|false\u201d custom_padding=\u201d0px||0px||false|false\u201d inline_fonts=\u201dPrata,Montserrat\u201d global_colors_info=\u201d{}\u201d]<\/p>\n<div class=\"et_pb_module et_pb_text et_pb_text_3  et_pb_text_align_left et_pb_bg_layout_light et_had_animation\">\n<p><a href=\"tel:+4402072210043\" title=\"N\u00famero telef\u00f3nico\"><span style=\"font-family: Montserrat; font-weight: normal; font-size: x-large; color: #ffffff;\"><strong><span style=\"font-family: Montserrat;\">+44 (0)20 7221 0043<\/span><\/strong><\/span><\/a><\/p>\n<p><span style=\"font-family: Montserrat; font-weight: normal; font-size: x-large; color: #ffffff;\"><strong><span style=\"font-family: Montserrat;\">+447391153225<\/span><\/strong><span style=\"font-size: medium; color: #ffffff;\"> \u2013 Solo WhatsApp<\/span><\/span><\/p>\n<p><span style=\"font-family: Montserrat; font-weight: normal; font-size: x-large; color: #ffffff;\"><span style=\"font-size: medium; color: #ffffff;\"><\/span><\/span><span style=\"font-family: Montserrat; font-weight: normal; font-size: small; color: #ffffff;\"><strong>Cl\u00ednica Dra. Preema de Londres<\/strong><\/span><\/p>\n<p><span style=\"font-family: Montserrat; font-weight: normal; font-size: small; color: #ffffff;\">Casa Avenfield<\/span><\/p>\n<p><span style=\"font-family: Montserrat; font-weight: normal; font-size: small; color: #ffffff;\">118-127 Park Lane<\/span><\/p>\n<p><span style=\"font-family: Montserrat; font-weight: normal; font-size: small; color: #ffffff;\">Mayfair<\/span><\/p>\n<p><span style=\"font-family: Montserrat; font-weight: normal; font-size: small; color: #ffffff;\">Londres<\/span><\/p>\n<p><span style=\"font-family: Montserrat; font-weight: normal; font-size: small; color: #ffffff;\">W1K 7AF<\/span><\/p>\n<\/div>\n<p>[\/et_pb_text][\/et_pb_column][\/et_pb_row][\/et_pb_section]<\/p>","protected":false},"excerpt":{"rendered":"<p>C\u00e9lulas madre y exosomas. Los exosomas, precursores de las c\u00e9lulas madre, contienen 380 factores de crecimiento, 30 formas de col\u00e1geno y siete ingredientes activos. Los exosomas son se\u00f1ales emitidas por nuestras c\u00e9lulas madre para transmitir los mensajes clave del cuerpo a la piel, incluyendo la necesidad de reparaci\u00f3n tisular y regeneraci\u00f3n cut\u00e1nea. Esto los convierte en el complemento perfecto para [\u2026]<\/p>","protected":false},"author":5,"featured_media":0,"parent":91,"menu_order":5,"comment_status":"closed","ping_status":"closed","template":"","meta":{"_seopress_robots_primary_cat":"","_seopress_titles_title":"Stem Cell & Exosome Treatments | Dr Preema London Clinic","_seopress_titles_desc":"Rejuvenate skin with cutting-edge stem cell and exosome facial treatments at Dr Preema London Clinic. Boost collagen and give a radiant glow.","_seopress_robots_index":"","_et_pb_use_builder":"on","_et_pb_old_content":"","_et_gb_content_width":"","_monsterinsights_skip_tracking":false,"_monsterinsights_sitenote_active":false,"_monsterinsights_sitenote_note":"","_monsterinsights_sitenote_category":0,"footnotes":""},"class_list":["post-23290","page","type-page","status-publish"],"jetpack_sharing_enabled":true,"_links":{"self":[{"href":"https:\/\/drpreema.com\/es\/wp-json\/wp\/v2\/pages\/23290","targetHints":{"allow":["GET"]}}],"collection":[{"href":"https:\/\/drpreema.com\/es\/wp-json\/wp\/v2\/pages"}],"about":[{"href":"https:\/\/drpreema.com\/es\/wp-json\/wp\/v2\/types\/page"}],"author":[{"embeddable":true,"href":"https:\/\/drpreema.com\/es\/wp-json\/wp\/v2\/users\/5"}],"replies":[{"embeddable":true,"href":"https:\/\/drpreema.com\/es\/wp-json\/wp\/v2\/comments?post=23290"}],"version-history":[{"count":13,"href":"https:\/\/drpreema.com\/es\/wp-json\/wp\/v2\/pages\/23290\/revisions"}],"predecessor-version":[{"id":47708,"href":"https:\/\/drpreema.com\/es\/wp-json\/wp\/v2\/pages\/23290\/revisions\/47708"}],"up":[{"embeddable":true,"href":"https:\/\/drpreema.com\/es\/wp-json\/wp\/v2\/pages\/91"}],"wp:attachment":[{"href":"https:\/\/drpreema.com\/es\/wp-json\/wp\/v2\/media?parent=23290"}],"curies":[{"name":"wp","href":"https:\/\/api.w.org\/{rel}","templated":true}]}}