{"id":45805,"date":"2025-04-03T01:06:15","date_gmt":"2025-04-03T01:06:15","guid":{"rendered":"https:\/\/drpreema.com\/about\/about-dr-preema-copy\/"},"modified":"2025-11-19T15:07:51","modified_gmt":"2025-11-19T15:07:51","slug":"asistente-de-inteligencia-artificial","status":"publish","type":"page","link":"https:\/\/drpreema.com\/es\/acerca-de\/asistente-de-inteligencia-artificial\/","title":{"rendered":"DR PREEMA AI"},"content":{"rendered":"[et_pb_section fb_built=\u201d1\u2033 _builder_version=\u201d4.14.2\u2033 _module_preset=\u201dpredeterminado\u201d da_disable_devices=\u201doff|off|off\u201d global_colors_info=\u201d{}\u201d da_is_popup=\u201doff\u201d da_exit_intent=\u201doff\u201d da_has_close=\u201don\u201d da_alt_close=\u201doff\u201d da_dark_close=\u201doff\u201d da_not_modal=\u201don\u201d da_is_singular=\u201doff\u201d da_with_loader=\u201doff\u201d da_has_shadow=\u201don\u201d][et_pb_row _builder_version=\u201d4.14.2\u2033 _module_preset=\u201dpredeterminado\u201d global_colors_info=\u201d{}\u201d][et_pb_column type=\u201d4_4\u2033 _builder_version=\u201d4.14.2\u2033 _module_preset=\u201dpredeterminado\u201d hover_enabled=\u201d0\u2033 global_colors_info=\u201d{}\u201d sticky_enabled=\u201d0\u2033][et_pb_code _builder_version=\u201d4.14.2\u2033 _module_preset=\u201dpredeterminado\u201d global_colors_info=\u201d{}\u201d][\/et_pb_code][\/et_pb_column][\/et_pb_row][\/et_pb_section][et_pb_section fb_built=\u201d1\u2033 _builder_version=\u201d4.4.7\u2033 background_color=\u201d#000000\u2033 width=\u201d100%\u201d min_height=\u201d313.8px\u201d custom_padding=\u201d0px||4px|||\u201d da_disable_devices=\u201doff|off|off\u201d global_module=\u201d3029\u2033 global_colors_info=\u201d{}\u201d da_is_popup=\u201doff\u201d da_exit_intent=\u201doff\u201d da_has_close=\u201don\u201d da_alt_close=\u201doff\u201d da_dark_close=\u201doff\u201d da_not_modal=\u201don\u201d da_is_singular=\u201doff\u201d da_with_loader=\u201doff\u201d da_has_shadow=\u201don\u201d][et_pb_row _builder_version=\u201d4.5.6\u2033 _module_preset=\u201ddefault\u201d module_alignment=\u201dcenter\u201d custom_margin=\u201d20px|auto||false|false\u201d custom_padding=\u201d|||0px||\u201d Informaci\u00f3n global de colores = &quot;{}&quot;][et_pb_column tipo = &quot;4_4&quot; _builder_version = &quot;4.5.6&quot; _module_preset = &quot;predeterminado&quot; Informaci\u00f3n global de colores = &quot;{}&quot;][\/et_pb_column][\/et_pb_row][et_pb_row estructura de columna = &quot;1_3,1_3,1_3&quot; _builder_version = &quot;4.5.6&quot; Informaci\u00f3n global de colores = &quot;{}&quot;][et_pb_column tipo = &quot;1_3&quot; _builder_version = &quot;4.4.7&quot; Informaci\u00f3n global de colores = &quot;{}&quot;][et_pb_texto _builder_version = &quot;4.5.6&quot; color de texto = &quot;#ffffff&quot; color de texto de enlace = &quot;#a3a3a3&quot; color_del_texto_del_encabezado=\u201d#ffffff\u201d informaci\u00f3n_de_colores_globales=\u201d{}\u201d]<p><strong>ENLACES DEL SITIO<\/strong><\/p>\n<p><a href=\"https:\/\/drpreema.com\/es\/contacto\/\" title=\"Cont\u00e1ctenos\">Cont\u00e1ctenos<\/a><\/p>\n<p><a href=\"https:\/\/drpreema.com\/es\/acerca-de\/\" title=\"Sobre nosotros\">Sobre nosotros<\/a><\/p>\n<p><a href=\"https:\/\/drpreema.com\/es\/tratos\/\" title=\"Tratos\">Tratos<\/a><\/p>\n<p><a href=\"https:\/\/drpreema.com\/es\/prensa\/\" title=\"Prensa\">Prensa<\/a><\/p>\n<p><a href=\"https:\/\/drpreema.com\/es\/blog\/\" title=\"Blog\">Blog<\/a><\/p>[\/et_pb_text][et_pb_divider color=\u201d#666666\u2033 _builder_version=\u201d4.5.6\u2033 _module_preset=\u201ddefault\u201d width=\u201d30%\u201d width_tablet=\u201d\u201d width_phone=\u201d60%\u201d width_last_edited=\u201don|phone\u201d module_alignment=\u201dcenter\u201d global_colors_info=\u201d{}\u201d][\/et_pb_divider][\/et_pb_column][et_pb_column type=\u201d1_3\u2033 _builder_version=\u201d4.4.7\u2033 global_colors_info=\u201d{}\u201d][et_pb_text _builder_version=\u201d4.14.2\u2033 text_text_color=\u201d#b3b3b3\u2033 color del texto del enlace=\u201d#b3b3b3\u2033 color del texto del encabezado=\u201d#a3a3a3\u2033 informaci\u00f3n de colores globales=\u201d{}\u201d]&nbsp;<\/p>\n<p><a href=\"https:\/\/drpreema.com\/es\/politica-de-privacidad\/\" title=\"pol\u00edtica de privacidad\">pol\u00edtica de privacidad<\/a><\/p>\n<p><a href=\"https:\/\/drpreema.com\/es\/terminos-y-condiciones\/\" title=\"T\u00e9rminos y condiciones\">T\u00e9rminos y condiciones<\/a><\/p>\n<p><a href=\"https:\/\/drpreema.com\/es\/reservar-cita\/\" title=\"Reservar un tratamiento\">Reservar un tratamiento<\/a><\/p>\n<p><a href=\"https:\/\/drpreema.com\/es\/suite-de-entrenamiento\/\" title=\"Alquiler de sala de formaci\u00f3n\">Alquiler de salas<\/a><\/p>\n<p><a href=\"https:\/\/drpreema.com\/es\/acerca-de\/suite-de-entrenamiento\/\" title=\"Alquiler de sala de formaci\u00f3n\">Suite de capacitaci\u00f3n<\/a>[\/et_pb_text][\/et_pb_column][et_pb_column type=\u201d1_3\u2033 _builder_version=\u201d4.14.2\u2033 custom_padding=\u201d||0px||false|false\u201d global_colors_info=\u201d{}\u201d][et_pb_text _builder_version=\u201d4.14.2\u2033 text_font=\u201dMontserrat|500|||||||\u201d text_line_height=\u201d0.8em\u201d header_line_height=\u201d1.4em\u201d header_2_font_size=\u201d24px\u201d custom_margin=\u201d0px||0px||false|false\u201d custom_padding=\u201d0px||0px||false|false\u201d inline_fonts=\u201dPrata,Montserrat\u201d global_colors_info=\u201d{}\u201d]<div class=\"et_pb_module et_pb_text et_pb_text_3  et_pb_text_align_left et_pb_bg_layout_light et_had_animation\">\n<p><a href=\"tel:+4402072210043\" title=\"N\u00famero telef\u00f3nico\"><span style=\"font-family: Montserrat; font-weight: normal; font-size: x-large; color: #ffffff;\"><strong><span style=\"font-family: Montserrat;\">+44 (0)20 7221 0043<\/span><\/strong><\/span><\/a><\/p>\n<p><span style=\"font-family: Montserrat; font-weight: normal; font-size: x-large; color: #ffffff;\"><strong><span style=\"font-family: Montserrat;\">+447391153225<\/span><\/strong><span style=\"font-size: medium; color: #ffffff;\"> \u2013 Solo WhatsApp<\/span><\/span><\/p>\n<p><span style=\"font-family: Montserrat; font-weight: normal; font-size: x-large; color: #ffffff;\"><span style=\"font-size: medium; color: #ffffff;\"><\/span><\/span><span style=\"font-family: Montserrat; font-weight: normal; font-size: small; color: #ffffff;\"><strong>Cl\u00ednica Dra. Preema de Londres<\/strong><\/span><\/p>\n<p><span style=\"font-family: Montserrat; font-weight: normal; font-size: small; color: #ffffff;\">Casa Avenfield<\/span><\/p>\n<p><span style=\"font-family: Montserrat; font-weight: normal; font-size: small; color: #ffffff;\">118-127 Park Lane<\/span><\/p>\n<p><span style=\"font-family: Montserrat; font-weight: normal; font-size: small; color: #ffffff;\">Mayfair<\/span><\/p>\n<p><span style=\"font-family: Montserrat; font-weight: normal; font-size: small; color: #ffffff;\">Londres<\/span><\/p>\n<p><span style=\"font-family: Montserrat; font-weight: normal; font-size: small; color: #ffffff;\">W1K 7AF<\/span><\/p>\n<\/div>[\/et_pb_text][\/et_pb_column][\/et_pb_row][et_pb_row _builder_version=\u201d3.25\u2033 min_height=\u201d119px\u201d custom_margin=\u201d20px||20px||true\u201d global_colors_info=\u201d{}\u201d][et_pb_column type=\u201d4_4\u2033 _builder_version=\u201d3.25\u2033 custom_padding=\u201d|||\u201d Informaci\u00f3n global de colores = &quot;{}&quot; relleno_personalizado__hover = &quot;|||&quot;][et_pb_social_media_follow _builder_version = &quot;4.5.6&quot; orientaci\u00f3n_texto = &quot;centro&quot; radio_border = &quot;activado | 100 px | 100 px | 100 px | 100 px&quot; Informaci\u00f3n global de colores = &quot;{}&quot;][et_pb_social_media_follow_network red_social = &quot;facebook&quot; url = &quot;https:\/\/www.facebook.com\/drpreema\/&quot; _builder_version = &quot;4.5.6&quot; color_fondo = &quot;rgba(0,0,0,0.68)&quot; color_fondo_habilitado = &quot;activado&quot; margen_personalizado = &quot;|5 px | 5 px | verdadero&quot; relleno_personalizado = &quot;10 px | 10 px | 10 px | 10 px | verdadero&quot; Informaci\u00f3n global de colores = &quot;{}&quot; bot\u00f3n_seguir=\u201ddesactivado\u201d nueva_ventana_url=\u201dactivado\u201d]facebook[\/et_pb_social_media_follow_network][et_pb_social_media_follow_network red_social=\u201dtwitter\u201d url=\u201dhttps:\/\/twitter.com\/drpreema\u201d _builder_version=\u201d4.5.6\u2033 color_de_fondo=\u201drgba(0,0,0,0.68)\u201d color_de_fondo_activado=\u201dactivado\u201d margen_personalizado=\u201d|5px||5px||verdadero\u201d relleno_personalizado=\u201d10px|10px|10px|10px|verdadero|verdadero\u201d informaci\u00f3n_de_colores_globales=\u201d{}\u201d bot\u00f3n_seguir=\u201ddesactivado\u201d nueva_ventana_url=\u201dactivado\u201d]twitter[\/et_pb_social_media_follow_network][et_pb_social_media_follow_network red_social=\u201dinstagram\u201d url=\u201dhttps:\/\/www.instagram.com\/drpreema\/\u201d _builder_version=\u201d4.5.6\u2033 background_color=\u201drgba(0,0,0,0.68)\u201d background_enable_color=\u201don\u201d custom_margin=\u201d|5px||5px||true\u201d custom_padding=\u201d10px|10px|10px|10px|true|true\u201d global_colors_info=\u201d{}\u201d follow_button=\u201doff\u201d url_new_window=\u201don\u201d]instagram[\/et_pb_social_media_follow_network][\/et_pb_social_media_follow][\/et_pb_column][\/et_pb_row][\/et_pb_section]","protected":false},"excerpt":{"rendered":"<p>ENLACES DEL SITIO Cont\u00e1ctenos Sobre nosotros Tratamientos Prensa Blog Pol\u00edtica de privacidad T\u00e9rminos y condiciones Reservar una sala de tratamiento Contratar una suite de formaci\u00f3n +44 (0)20 7221 0043 +447391153225 \u2013 Solo WhatsApp Cl\u00ednica Dra. Preema London Avenfield House 118-127 Park Lane Mayfair Londres W1K 7AF facebooktwitterinstagram<\/p>","protected":false},"author":3,"featured_media":0,"parent":36499,"menu_order":1,"comment_status":"closed","ping_status":"closed","template":"","meta":{"_seopress_robots_primary_cat":"","_seopress_titles_title":"About Dr Preema London | Expert in Aesthetic Medicine","_seopress_titles_desc":"Discover Dr Preema Vig, a leading expert in aesthetic medicine. Learn about her expertise and the natural, non-surgical treatments she provides","_seopress_robots_index":"","_et_pb_use_builder":"on","_et_pb_old_content":"<!-- wp:divi\/placeholder \/-->","_et_gb_content_width":"","_monsterinsights_skip_tracking":false,"_monsterinsights_sitenote_active":false,"_monsterinsights_sitenote_note":"","_monsterinsights_sitenote_category":0,"footnotes":""},"class_list":["post-45805","page","type-page","status-publish"],"jetpack_sharing_enabled":true,"_links":{"self":[{"href":"https:\/\/drpreema.com\/es\/wp-json\/wp\/v2\/pages\/45805","targetHints":{"allow":["GET"]}}],"collection":[{"href":"https:\/\/drpreema.com\/es\/wp-json\/wp\/v2\/pages"}],"about":[{"href":"https:\/\/drpreema.com\/es\/wp-json\/wp\/v2\/types\/page"}],"author":[{"embeddable":true,"href":"https:\/\/drpreema.com\/es\/wp-json\/wp\/v2\/users\/3"}],"replies":[{"embeddable":true,"href":"https:\/\/drpreema.com\/es\/wp-json\/wp\/v2\/comments?post=45805"}],"version-history":[{"count":14,"href":"https:\/\/drpreema.com\/es\/wp-json\/wp\/v2\/pages\/45805\/revisions"}],"predecessor-version":[{"id":52852,"href":"https:\/\/drpreema.com\/es\/wp-json\/wp\/v2\/pages\/45805\/revisions\/52852"}],"up":[{"embeddable":true,"href":"https:\/\/drpreema.com\/es\/wp-json\/wp\/v2\/pages\/36499"}],"wp:attachment":[{"href":"https:\/\/drpreema.com\/es\/wp-json\/wp\/v2\/media?parent=45805"}],"curies":[{"name":"wp","href":"https:\/\/api.w.org\/{rel}","templated":true}]}}