{"id":7813,"date":"2022-01-27T17:55:23","date_gmt":"2022-01-27T17:55:23","guid":{"rendered":"https:\/\/drpreema.com\/?page_id=7813"},"modified":"2026-02-25T10:37:21","modified_gmt":"2026-02-25T10:37:21","slug":"suite-de-entrenamiento","status":"publish","type":"page","link":"https:\/\/drpreema.com\/es\/acerca-de\/suite-de-entrenamiento\/","title":{"rendered":"ALQUILER DE SUITE DE ENTRENAMIENTO"},"content":{"rendered":"<p>[et_pb_section fb_built=&#8221;1&#8243; admin_label=&#8221;Services&#8221; _builder_version=&#8221;3.22&#8243; da_disable_devices=&#8221;off|off|off&#8221; global_colors_info=&#8221;{}&#8221; use_background_color_gradient__hover=&#8221;off&#8221; use_background_color_gradient__hover_enabled=&#8221;off&#8221; background_color_gradient_start__hover=&#8221;#2b87da&#8221; background_color_gradient_start__hover_enabled=&#8221;#2b87da&#8221; background_color_gradient_end__hover=&#8221;#29c4a9&#8243; background_color_gradient_end__hover_enabled=&#8221;#29c4a9&#8243; background_color_gradient_type__hover=&#8221;linear&#8221; background_color_gradient_type__hover_enabled=&#8221;linear&#8221; background_color_gradient_direction__hover=&#8221;180deg&#8221; background_color_gradient_direction__hover_enabled=&#8221;180deg&#8221; background_color_gradient_direction_radial__hover=&#8221;center&#8221; background_color_gradient_direction_radial__hover_enabled=&#8221;center&#8221; background_color_gradient_start_position__hover=&#8221;0%&#8221; background_color_gradient_start_position__hover_enabled=&#8221;0%&#8221; background_color_gradient_end_position__hover=&#8221;100%&#8221; background_color_gradient_end_position__hover_enabled=&#8221;100%&#8221; background_color_gradient_overlays_image__hover=&#8221;off&#8221; background_color_gradient_overlays_image__hover_enabled=&#8221;off&#8221; parallax__hover=&#8221;off&#8221; parallax__hover_enabled=&#8221;off&#8221; parallax_method__hover=&#8221;on&#8221; parallax_method__hover_enabled=&#8221;on&#8221; background_size__hover=&#8221;cover&#8221; background_size__hover_enabled=&#8221;cover&#8221; background_position__hover=&#8221;center&#8221; background_position__hover_enabled=&#8221;center&#8221; background_repeat__hover=&#8221;no-repeat&#8221; background_repeat__hover_enabled=&#8221;no-repeat&#8221; background_blend__hover=&#8221;normal&#8221; background_blend__hover_enabled=&#8221;normal&#8221; allow_player_pause__hover=&#8221;off&#8221; allow_player_pause__hover_enabled=&#8221;off&#8221; background_video_pause_outside_viewport__hover=&#8221;on&#8221; background_video_pause_outside_viewport__hover_enabled=&#8221;on&#8221; da_is_popup=&#8221;off&#8221; da_exit_intent=&#8221;off&#8221; da_has_close=&#8221;on&#8221; da_alt_close=&#8221;off&#8221; da_dark_close=&#8221;off&#8221; da_not_modal=&#8221;on&#8221; da_is_singular=&#8221;off&#8221; da_with_loader=&#8221;off&#8221; da_has_shadow=&#8221;on&#8221;][et_pb_row _builder_version=&#8221;4.14.2&#8243; _module_preset=&#8221;default&#8221; global_colors_info=&#8221;{}&#8221;][et_pb_column type=&#8221;4_4&#8243; _builder_version=&#8221;4.14.2&#8243; _module_preset=&#8221;default&#8221; global_colors_info=&#8221;{}&#8221;][et_pb_text _builder_version=&#8221;4.14.2&#8243; _module_preset=&#8221;default&#8221; text_font=&#8221;Montserrat||||||||&#8221; header_text_align=&#8221;center&#8221; header_font_size=&#8221;50px&#8221; hover_enabled=&#8221;0&#8243; global_colors_info=&#8221;{}&#8221; sticky_enabled=&#8221;0&#8243;]<\/p>\n<h1>Sala de formaci\u00f3n y espacio para reuniones profesionales en Mayfair, en el centro de Londres<\/h1>\n<p>[\/et_pb_text][et_pb_text _builder_version=&#8221;4.14.2&#8243; _module_preset=&#8221;default&#8221; hover_enabled=&#8221;0&#8243; global_colors_info=&#8221;{}&#8221; sticky_enabled=&#8221;0&#8243;]<\/p>\n<h2 style=\"text-align: center;\">Espacio vers\u00e1til para formaci\u00f3n corporativa, talleres, seminarios y eventos profesionales, incluida educaci\u00f3n est\u00e9tica y m\u00e9dica.<\/h2>\n<p>[\/et_pb_text][\/et_pb_column][\/et_pb_row][et_pb_row column_structure=&#8221;1_2,1_2&#8243; _builder_version=&#8221;4.14.2&#8243; _module_preset=&#8221;default&#8221; global_colors_info=&#8221;{}&#8221;][et_pb_column type=&#8221;1_2&#8243; _builder_version=&#8221;4.14.2&#8243; _module_preset=&#8221;default&#8221; global_colors_info=&#8221;{}&#8221;][et_pb_image src=&#8221;https:\/\/drpreema.com\/wp-content\/uploads\/2022\/01\/IMG_1382-2.jpg&#8221; alt=&#8221;Training Suite at Dr Preema London Clinic with treatment couch, chairs arranged for delegates, and two large TV screens&#8221; title_text=&#8221;Room Hire Central London&#8221; align=&#8221;right&#8221; _builder_version=&#8221;4.14.2&#8243; _module_preset=&#8221;default&#8221; height=&#8221;386px&#8221; custom_padding=&#8221;|0px||0px|false|true&#8221; global_colors_info=&#8221;{}&#8221;][\/et_pb_image][\/et_pb_column][et_pb_column type=&#8221;1_2&#8243; _builder_version=&#8221;4.14.2&#8243; _module_preset=&#8221;default&#8221; global_colors_info=&#8221;{}&#8221;][et_pb_image src=&#8221;https:\/\/drpreema.com\/wp-content\/uploads\/2022\/01\/IMG_1377.jpg&#8221; alt=&#8221;Training suite in Mayfair, Central London set up in a classroom-style layout, with a treatment couch visible in the background for practical training sessions.&#8221; title_text=&#8221;Training Suite in Mayfair&#8221; _builder_version=&#8221;4.14.2&#8243; _module_preset=&#8221;default&#8221; custom_padding=&#8221;|0px||||&#8221; global_colors_info=&#8221;{}&#8221;][\/et_pb_image][\/et_pb_column][\/et_pb_row][et_pb_row column_structure=&#8221;1_2,1_2&#8243; _builder_version=&#8221;4.14.2&#8243; custom_margin=&#8221;|auto||auto|false|false&#8221; custom_padding=&#8221;||0px|||&#8221; global_colors_info=&#8221;{}&#8221;][et_pb_column type=&#8221;1_2&#8243; _builder_version=&#8221;4.3.2&#8243; global_colors_info=&#8221;{}&#8221;][et_pb_image src=&#8221;https:\/\/drpreema.com\/wp-content\/uploads\/2022\/01\/small-DRPREEMA_NEWCLINIC_SEPT-00301.jpg&#8221; alt=&#8221;A group of people receiving training whilst seated around a table&#8221; title_text=&#8221;Training Session at Dr Preema London Clinic&#8221; align=&#8221;center&#8221; _builder_version=&#8221;4.14.2&#8243; width=&#8221;100%&#8221; width_tablet=&#8221;&#8221; width_phone=&#8221;100%&#8221; width_last_edited=&#8221;on|phone&#8221; custom_margin=&#8221;|-8px||||&#8221; custom_padding=&#8221;|29px||||&#8221; module_alignment_tablet=&#8221;&#8221; module_alignment_phone=&#8221;center&#8221; module_alignment_last_edited=&#8221;on|phone&#8221; border_radii=&#8221;off|10px|10px|10px|10px&#8221; global_colors_info=&#8221;{}&#8221;][\/et_pb_image][\/et_pb_column][et_pb_column type=&#8221;1_2&#8243; _builder_version=&#8221;4.5.6&#8243; _module_preset=&#8221;default&#8221; global_colors_info=&#8221;{}&#8221;][et_pb_text quote_border_color=&#8221;#000000&#8243; _builder_version=&#8221;4.14.2&#8243; _module_preset=&#8221;default&#8221; quote_font=&#8221;Open Sans||||||||&#8221; quote_text_color=&#8221;#000000&#8243; quote_font_size=&#8221;16px&#8221; header_font=&#8221;Prata||||||||&#8221; header_text_color=&#8221;#000000&#8243; header_2_font=&#8221;Prata||||||||&#8221; custom_padding=&#8221;||0px|||&#8221; global_colors_info=&#8221;{}&#8221;]<\/p>\n<h2><span style=\"color: #020202;\">Suite de capacitaci\u00f3n<\/span><\/h2>\n<p data-start=\"225\" data-end=\"462\">En <span class=\"hover:entity-accent entity-underline inline cursor-pointer align-baseline\"><span class=\"whitespace-normal\">Cl\u00ednica Dra. Preema de Londres<\/span><\/span>, Nuestra suite de capacitaci\u00f3n de 310 pies cuadrados ofrece un espacio flexible y profesional en el coraz\u00f3n del centro de Londres, ideal para reuniones, talleres, sesiones de capacitaci\u00f3n y peque\u00f1os eventos profesionales.<\/p>\n<p data-start=\"464\" data-end=\"502\">La suite puede albergar c\u00f3modamente:<\/p>\n<ul data-start=\"503\" data-end=\"667\">\n<li data-start=\"503\" data-end=\"555\">\n<p data-start=\"505\" data-end=\"555\"><strong>Alrededor de 10 invitados<\/strong> en un dise\u00f1o estilo sala de juntas<\/p>\n<\/li>\n<li data-start=\"556\" data-end=\"607\">\n<p data-start=\"558\" data-end=\"607\"><strong>Alrededor de 20 invitados<\/strong> en una configuraci\u00f3n estilo aula<\/p>\n<\/li>\n<li data-start=\"608\" data-end=\"667\">\n<p data-start=\"610\" data-end=\"667\"><strong>Alrededor de 10 invitados<\/strong> para formaci\u00f3n pr\u00e1ctica o directa<\/p>\n<\/li>\n<\/ul>\n<p data-start=\"669\" data-end=\"974\">Disponible de lunes a s\u00e1bado, la Suite de capacitaci\u00f3n est\u00e1 ubicada dentro de nuestra discreta cl\u00ednica de Mayfair e incluye t\u00e9s y caf\u00e9s de cortes\u00eda, dos camillas de tratamiento adecuadas para capacitaci\u00f3n pr\u00e1ctica y dos televisores de pantalla grande con conectividad para computadora port\u00e1til o USB para presentaciones y materiales de capacitaci\u00f3n.<\/p>\n<p>[\/et_pb_text][\/et_pb_column][\/et_pb_row][et_pb_row estructura_columna=\u201d1_2,1_2\u2033 _builder_version=\u201d4.14.2\u2033 _module_preset=\u201dpredeterminado\u201d informaci\u00f3n_global_colors=\u201d{}\u201d][et_pb_column tipo=\u201d1_2\u2033 _builder_version=\u201d4.14.2\u2033 _module_preset=\u201dpredeterminado\u201d informaci\u00f3n_global_colors=\u201d{}\u201d][et_pb_texto _builder_version=\u201d4.14.2\u2033 _module_preset=\u201dpredeterminado\u201d fuente_encabezado=\u201dPlata||||||||\u201d color_encabezado_texto=\u201d#000000\u2033 fuente_encabezado_2=\u201dPlata||||||||\u201d relleno_personalizado=\u201d||0px|||\u201d informaci\u00f3n_de_colores_globales=\u201d{}\u201d]<\/p>\n<h2><span style=\"color: #020202;\">Alquiler de salas de tratamiento<\/span><\/h2>\n<p><span style=\"color: #020202;\"><\/span><\/p>\n<p>Disponemos de espacio adicional para pr\u00e1cticas alquilando una de nuestras amplias salas de tratamiento, ideales para grupos peque\u00f1os o sesiones privadas. Cada sala incluye una camilla de tratamiento y un televisor de pantalla grande con conexi\u00f3n para port\u00e1til, adem\u00e1s de luz natural y vistas a Hyde Park y Park Lane.<\/p>\n<p><span style=\"color: #020202;\"><strong>Para obtener m\u00e1s informaci\u00f3n, complete el formulario de contacto a continuaci\u00f3n.<\/strong><\/span><\/p>\n<p><span style=\"color: #020202;\"><strong> o ll\u00e1menos al 0207 221 0043<\/strong><\/span><\/p>\n<p>[\/et_pb_text][wpforms_selector form_id=&#8221;8067&#8243; _builder_version=&#8221;4.14.2&#8243; _module_preset=&#8221;default&#8221; global_colors_info=&#8221;{}&#8221;][\/wpforms_selector][\/et_pb_column][et_pb_column type=&#8221;1_2&#8243; _builder_version=&#8221;4.14.2&#8243; _module_preset=&#8221;default&#8221; global_colors_info=&#8221;{}&#8221;][et_pb_image src=&#8221;https:\/\/drpreema.com\/wp-content\/uploads\/2022\/01\/IMG_3884.jpg&#8221; alt=&#8221;The exterior of the Training Suite at Dr Preema London Clinic&#8221; title_text=&#8221;Training Space to hire in central London&#8221; _builder_version=&#8221;4.14.2&#8243; _module_preset=&#8221;default&#8221; border_radii=&#8221;on|10px|10px|10px|10px&#8221; global_colors_info=&#8221;{}&#8221;][\/et_pb_image][et_pb_image src=&#8221;https:\/\/drpreema.com\/wp-content\/uploads\/2022\/01\/IMG_0884-scaled.jpg&#8221; alt=&#8221;Treatment room at Dr Preema London Clinic viewed from another angle, with treatment couch and ample space for aesthetic or beauty training.&#8221; title_text=&#8221;Large Treatment Room Hire London&#8221; _builder_version=&#8221;4.14.2&#8243; _module_preset=&#8221;default&#8221; width=&#8221;100%&#8221; border_radii=&#8221;on|10px|10px|10px|10px&#8221; global_colors_info=&#8221;{}&#8221;][\/et_pb_image][\/et_pb_column][\/et_pb_row][et_pb_row _builder_version=&#8221;4.14.2&#8243; _module_preset=&#8221;default&#8221; global_colors_info=&#8221;{}&#8221;][et_pb_column type=&#8221;4_4&#8243; _builder_version=&#8221;4.14.2&#8243; _module_preset=&#8221;default&#8221; global_colors_info=&#8221;{}&#8221;][et_pb_text _builder_version=&#8221;4.14.2&#8243; _module_preset=&#8221;default&#8221; header_font=&#8221;Prata||||||||&#8221; header_text_color=&#8221;#000000&#8243; header_2_font=&#8221;Prata||||||||&#8221; custom_padding=&#8221;||0px|||&#8221; global_colors_info=&#8221;{}&#8221;]<\/p>\n<h2><span style=\"color: #020202;\">Galer\u00eda<\/span><span style=\"color: #020202;\"><strong><\/strong><\/span><\/h2>\n<p>[\/et_pb_text][et_pb_gallery gallery_ids=&#8221;7933,7862,7863,7864,7865,7866,7867,7868,7869,7870,7871&#8243; show_title_and_caption=&#8221;off&#8221; _builder_version=&#8221;4.14.2&#8243; _module_preset=&#8221;default&#8221; border_radii=&#8221;on|10px|10px|10px|10px&#8221; global_colors_info=&#8221;{}&#8221;][\/et_pb_gallery][\/et_pb_column][\/et_pb_row][\/et_pb_section][et_pb_section fb_built=&#8221;1&#8243; _builder_version=&#8221;4.4.7&#8243; background_color=&#8221;#000000&#8243; width=&#8221;100%&#8221; min_height=&#8221;313.8px&#8221; custom_padding=&#8221;0px||4px|||&#8221; da_disable_devices=&#8221;off|off|off&#8221; global_module=&#8221;3029&#8243; global_colors_info=&#8221;{}&#8221; da_is_popup=&#8221;off&#8221; da_exit_intent=&#8221;off&#8221; da_has_close=&#8221;on&#8221; da_alt_close=&#8221;off&#8221; da_dark_close=&#8221;off&#8221; da_not_modal=&#8221;on&#8221; da_is_singular=&#8221;off&#8221; da_with_loader=&#8221;off&#8221; da_has_shadow=&#8221;on&#8221;][et_pb_row _builder_version=&#8221;4.5.6&#8243; _module_preset=&#8221;default&#8221; module_alignment=&#8221;center&#8221; custom_margin=&#8221;20px|auto|||false|false&#8221; custom_padding=&#8221;|||0px||&#8221; global_colors_info=&#8221;{}&#8221;][et_pb_column type=&#8221;4_4&#8243; _builder_version=&#8221;4.5.6&#8243; _module_preset=&#8221;default&#8221; global_colors_info=&#8221;{}&#8221;][\/et_pb_column][\/et_pb_row][et_pb_row column_structure=&#8221;1_3,1_3,1_3&#8243; _builder_version=&#8221;4.5.6&#8243; global_colors_info=&#8221;{}&#8221;][et_pb_column type=&#8221;1_3&#8243; _builder_version=&#8221;4.4.7&#8243; global_colors_info=&#8221;{}&#8221;][et_pb_text _builder_version=&#8221;4.5.6&#8243; text_text_color=&#8221;#ffffff&#8221; link_text_color=&#8221;#a3a3a3&#8243; header_text_color=&#8221;#ffffff&#8221; global_colors_info=&#8221;{}&#8221;]<\/p>\n<p><strong>ENLACES DEL SITIO<\/strong><\/p>\n<p><a href=\"https:\/\/drpreema.com\/es\/contacto\/\" title=\"Cont\u00e1ctenos\">Cont\u00e1ctenos<\/a><\/p>\n<p><a href=\"https:\/\/drpreema.com\/es\/acerca-de\/\" title=\"Sobre nosotros\">Sobre nosotros<\/a><\/p>\n<p><a href=\"https:\/\/drpreema.com\/es\/tratos\/\" title=\"Tratos\">Tratos<\/a><\/p>\n<p><a href=\"https:\/\/drpreema.com\/es\/prensa\/\" title=\"Prensa\">Prensa<\/a><\/p>\n<p><a href=\"https:\/\/drpreema.com\/es\/blog\/\" title=\"Blog\">Blog<\/a><\/p>\n<p>[\/et_pb_text][et_pb_divider color=\u201d#666666\u2033 _builder_version=\u201d4.5.6\u2033 _module_preset=\u201ddefault\u201d width=\u201d30%\u201d width_tablet=\u201d\u201d width_phone=\u201d60%\u201d width_last_edited=\u201don|phone\u201d module_alignment=\u201dcenter\u201d global_colors_info=\u201d{}\u201d][\/et_pb_divider][\/et_pb_column][et_pb_column type=\u201d1_3\u2033 _builder_version=\u201d4.4.7\u2033 global_colors_info=\u201d{}\u201d][et_pb_text _builder_version=\u201d4.14.2\u2033 text_text_color=\u201d#b3b3b3\u2033 color del texto del enlace=\u201d#b3b3b3\u2033 color del texto del encabezado=\u201d#a3a3a3\u2033 informaci\u00f3n de colores globales=\u201d{}\u201d]&nbsp;<\/p>\n<p><a href=\"https:\/\/drpreema.com\/es\/politica-de-privacidad\/\" title=\"pol\u00edtica de privacidad\">pol\u00edtica de privacidad<\/a><\/p>\n<p><a href=\"https:\/\/drpreema.com\/es\/terminos-y-condiciones\/\" title=\"T\u00e9rminos y condiciones\">T\u00e9rminos y condiciones<\/a><\/p>\n<p><a href=\"https:\/\/drpreema.com\/es\/reservar-cita\/\" title=\"Reservar un tratamiento\">Reservar un tratamiento<\/a><\/p>\n<p><a href=\"https:\/\/drpreema.com\/es\/suite-de-entrenamiento\/\" title=\"Alquiler de sala de formaci\u00f3n\">Alquiler de salas<\/a><\/p>\n<p><a href=\"https:\/\/drpreema.com\/es\/acerca-de\/suite-de-entrenamiento\/\" title=\"Alquiler de sala de formaci\u00f3n\">Suite de capacitaci\u00f3n<\/a>[\/et_pb_text][\/et_pb_column][et_pb_column type=\u201d1_3\u2033 _builder_version=\u201d4.14.2\u2033 custom_padding=\u201d||0px||false|false\u201d global_colors_info=\u201d{}\u201d][et_pb_text _builder_version=\u201d4.14.2\u2033 text_font=\u201dMontserrat|500|||||||\u201d text_line_height=\u201d0.8em\u201d header_line_height=\u201d1.4em\u201d header_2_font_size=\u201d24px\u201d custom_margin=\u201d0px||0px||false|false\u201d custom_padding=\u201d0px||0px||false|false\u201d inline_fonts=\u201dPrata,Montserrat\u201d global_colors_info=\u201d{}\u201d]<\/p>\n<div class=\"et_pb_module et_pb_text et_pb_text_3  et_pb_text_align_left et_pb_bg_layout_light et_had_animation\">\n<p><a href=\"tel:+4402072210043\" title=\"N\u00famero telef\u00f3nico\"><span style=\"font-family: Montserrat; font-weight: normal; font-size: x-large; color: #ffffff;\"><strong><span style=\"font-family: Montserrat;\">+44 (0)20 7221 0043<\/span><\/strong><\/span><\/a><\/p>\n<p><span style=\"font-family: Montserrat; font-weight: normal; font-size: x-large; color: #ffffff;\"><strong><span style=\"font-family: Montserrat;\">+447391153225<\/span><\/strong><span style=\"font-size: medium; color: #ffffff;\"> \u2013 Solo WhatsApp<\/span><\/span><\/p>\n<p><span style=\"font-family: Montserrat; font-weight: normal; font-size: x-large; color: #ffffff;\"><span style=\"font-size: medium; color: #ffffff;\"><\/span><\/span><span style=\"font-family: Montserrat; font-weight: normal; font-size: small; color: #ffffff;\"><strong>Cl\u00ednica Dra. Preema de Londres<\/strong><\/span><\/p>\n<p><span style=\"font-family: Montserrat; font-weight: normal; font-size: small; color: #ffffff;\">Casa Avenfield<\/span><\/p>\n<p><span style=\"font-family: Montserrat; font-weight: normal; font-size: small; color: #ffffff;\">118-127 Park Lane<\/span><\/p>\n<p><span style=\"font-family: Montserrat; font-weight: normal; font-size: small; color: #ffffff;\">Mayfair<\/span><\/p>\n<p><span style=\"font-family: Montserrat; font-weight: normal; font-size: small; color: #ffffff;\">Londres<\/span><\/p>\n<p><span style=\"font-family: Montserrat; font-weight: normal; font-size: small; color: #ffffff;\">W1K 7AF<\/span><\/p>\n<\/div>\n<p>[\/et_pb_text][\/et_pb_column][\/et_pb_row][et_pb_row _builder_version=\u201d3.25\u2033 min_height=\u201d119px\u201d custom_margin=\u201d20px||20px||true\u201d global_colors_info=\u201d{}\u201d][et_pb_column type=\u201d4_4\u2033 _builder_version=\u201d3.25\u2033 custom_padding=\u201d|||\u201d Informaci\u00f3n global de colores = &quot;{}&quot; relleno_personalizado__hover = &quot;|||&quot;][et_pb_social_media_follow _builder_version = &quot;4.5.6&quot; orientaci\u00f3n_texto = &quot;centro&quot; radio_border = &quot;activado | 100 px | 100 px | 100 px | 100 px&quot; Informaci\u00f3n global de colores = &quot;{}&quot;][et_pb_social_media_follow_network red_social = &quot;facebook&quot; url = &quot;https:\/\/www.facebook.com\/drpreema\/&quot; _builder_version = &quot;4.5.6&quot; color_fondo = &quot;rgba(0,0,0,0.68)&quot; color_fondo_habilitado = &quot;activado&quot; margen_personalizado = &quot;|5 px | 5 px | verdadero&quot; relleno_personalizado = &quot;10 px | 10 px | 10 px | 10 px | verdadero&quot; Informaci\u00f3n global de colores = &quot;{}&quot; bot\u00f3n_seguir=\u201ddesactivado\u201d nueva_ventana_url=\u201dactivado\u201d]facebook[\/et_pb_social_media_follow_network][et_pb_social_media_follow_network red_social=\u201dtwitter\u201d url=\u201dhttps:\/\/twitter.com\/drpreema\u201d _builder_version=\u201d4.5.6\u2033 color_de_fondo=\u201drgba(0,0,0,0.68)\u201d color_de_fondo_activado=\u201dactivado\u201d margen_personalizado=\u201d|5px||5px||verdadero\u201d relleno_personalizado=\u201d10px|10px|10px|10px|verdadero|verdadero\u201d informaci\u00f3n_de_colores_globales=\u201d{}\u201d bot\u00f3n_seguir=\u201ddesactivado\u201d nueva_ventana_url=\u201dactivado\u201d]twitter[\/et_pb_social_media_follow_network][et_pb_social_media_follow_network red_social=\u201dinstagram\u201d url=\u201dhttps:\/\/www.instagram.com\/drpreema\/\u201d _builder_version=\u201d4.5.6\u2033 background_color=\u201drgba(0,0,0,0.68)\u201d background_enable_color=\u201don\u201d custom_margin=\u201d|5px||5px||true\u201d custom_padding=\u201d10px|10px|10px|10px|true|true\u201d global_colors_info=\u201d{}\u201d follow_button=\u201doff\u201d url_new_window=\u201don\u201d]instagram[\/et_pb_social_media_follow_network][\/et_pb_social_media_follow][\/et_pb_column][\/et_pb_row][\/et_pb_section]<\/p>","protected":false},"excerpt":{"rendered":"<p>Training Suite &amp; Professional Meeting Space in Mayfair, Central LondonVersatile space for corporate training, workshops, seminars, and professional events &#8211; including aesthetic and medical educationTraining Suite At Dr Preema London Clinic, our 310 sq ft Training Suite offers a flexible, professional space in the heart of\u00a0Central London, ideal for meetings, workshops, training sessions and small [&hellip;]<\/p>","protected":false},"author":3,"featured_media":7879,"parent":36499,"menu_order":3,"comment_status":"closed","ping_status":"closed","template":"","meta":{"_seopress_robots_primary_cat":"","_seopress_titles_title":"Training Suite Meeting Room Hire Mayfair | Dr Preema London","_seopress_titles_desc":"Training Suite and Meeting Room Hire in Mayfair, London. Ideal space for workshops, corporate events, lectures and medical training.","_seopress_robots_index":"","_et_pb_use_builder":"on","_et_pb_old_content":"","_et_gb_content_width":"","_monsterinsights_skip_tracking":false,"_monsterinsights_sitenote_active":false,"_monsterinsights_sitenote_note":"","_monsterinsights_sitenote_category":0,"footnotes":""},"class_list":["post-7813","page","type-page","status-publish","has-post-thumbnail"],"jetpack_sharing_enabled":true,"_links":{"self":[{"href":"https:\/\/drpreema.com\/es\/wp-json\/wp\/v2\/pages\/7813","targetHints":{"allow":["GET"]}}],"collection":[{"href":"https:\/\/drpreema.com\/es\/wp-json\/wp\/v2\/pages"}],"about":[{"href":"https:\/\/drpreema.com\/es\/wp-json\/wp\/v2\/types\/page"}],"author":[{"embeddable":true,"href":"https:\/\/drpreema.com\/es\/wp-json\/wp\/v2\/users\/3"}],"replies":[{"embeddable":true,"href":"https:\/\/drpreema.com\/es\/wp-json\/wp\/v2\/comments?post=7813"}],"version-history":[{"count":39,"href":"https:\/\/drpreema.com\/es\/wp-json\/wp\/v2\/pages\/7813\/revisions"}],"predecessor-version":[{"id":56540,"href":"https:\/\/drpreema.com\/es\/wp-json\/wp\/v2\/pages\/7813\/revisions\/56540"}],"up":[{"embeddable":true,"href":"https:\/\/drpreema.com\/es\/wp-json\/wp\/v2\/pages\/36499"}],"wp:featuredmedia":[{"embeddable":true,"href":"https:\/\/drpreema.com\/es\/wp-json\/wp\/v2\/media\/7879"}],"wp:attachment":[{"href":"https:\/\/drpreema.com\/es\/wp-json\/wp\/v2\/media?parent=7813"}],"curies":[{"name":"wp","href":"https:\/\/api.w.org\/{rel}","templated":true}]}}