{"id":23290,"date":"2023-08-27T13:58:18","date_gmt":"2023-08-27T13:58:18","guid":{"rendered":"https:\/\/drpreema.com\/?page_id=23290"},"modified":"2025-05-23T17:23:50","modified_gmt":"2025-05-23T17:23:50","slug":"cellules-souches","status":"publish","type":"page","link":"https:\/\/drpreema.com\/fr\/traitements\/affronter\/cellules-souches\/","title":{"rendered":"CELLULES SOUCHES ET EXOSOMES"},"content":{"rendered":"<p>[et_pb_section fb_built=\u201d1\u2033 theme_builder_area=\u201dpost_content\u201d _builder_version=\u201d4.14.2\u2033 _module_preset=\u201ddefault\u201d custom_padding=\u201d||0px|||\u201d min_height=\u201d186px\u201d custom_margin=\u201d||-61px|||\u201d da_is_popup=\u201doff\u201d da_exit_intent=\u201doff\u201d da_has_close=\u201don\u201d da_alt_close=\u201doff\u201d da_dark_close=\u201doff\u201d da_not_modal=\u201don\u201d da_is_singular=\u201doff\u201d da_with_loader=\u201doff\u201d da_has_shadow=\u201don\u201d da_disable_devices=\u201doff|off|off\u201d][et_pb_row _builder_version=\u201d4.14.2\u2033 _module_preset=\u201ddefault\u201d theme_builder_area=\u201dpost_content\u201d min_height=\u201d39px\u201d][et_pb_column _builder_version=\u201d4.14.2\u2033 _module_preset=\u201ddefault\u201d type=\u201d4_4\u2033 theme_builder_area=\u201dpost_content\u201d][et_pb_text _builder_version=\u201d4.14.2\u2033 _module_preset=\u201ddefault\u201d header_font_size=\u201d40px\u201d hover_enabled=\u201d0\u2033 sticky_enabled=\u201d0\u2033 theme_builder_area=\u201dpost_content\u201d]<\/p>\n<h1>Cellules souches et exosomes<\/h1>\n<p>[\/et_pb_text][\/et_pb_column][\/et_pb_row][\/et_pb_section][et_pb_section fb_built=\u201d1\u2033 admin_label=\u201dServices\u201d _builder_version=\u201d3.22\u2033 da_disable_devices=\u201doff|off|off\u201d global_colors_info=\u201d{}\u201d use_background_color_gradient__hover=\u201doff\u201d use_background_color_gradient__hover_enabled=\u201doff\u201d background_color_gradient_start__hover=\u201d#2b87da\u201d background_color_gradient_start__hover_enabled=\u201d#2b87da\u201d background_color_gradient_end__hover=\u201d#29c4a9\u2033 background_color_gradient_end__hover_enabled=\u201d#29c4a9\u2033 background_color_gradient_type__hover=\u201dlin\u00e9aire\u201d background_color_gradient_type__hover_enabled=\u201dlin\u00e9aire\u201d background_color_gradient_direction__hover=\u201d180deg\u201d background_color_gradient_direction__hover_enabled=\u201d180deg\u201d background_color_gradient_direction_radial__hover=\u201dcentre\u201d background_color_gradient_direction_radial__hover_enabled=\u201dcentre\u201d background_color_gradient_start_position__hover=\u201d0%\u201d background_color_gradient_start_position__hover_enabled=\u201d0%\u201d background_color_gradient_end_position__hover=\u201d100%\u201d background_color_gradient_end_position__hover_enabled=\u201d100%\u201d background_color_gradient_overlays_image__hover=\u201doff\u201d background_color_gradient_overlays_image__hover_enabled=\u201doff\u201d parallax__hover=\u201doff\u201d parallax__hover_enabled=\u201doff\u201d parallax_method__hover=\u201don\u201d parallax_method__hover_enabled=\u201don\u201d background_size__hover=\u201dcover\u201d background_size__hover_enabled=\u201dcover\u201d background_position__hover=\u201dcenter\u201d background_position__hover_enabled=\u201dcenter\u201d background_repeat__hover=\u201dno-repeat\u201d background_repeat__hover_enabled=\u201dno-repeat\u201d background_blend__hover=\u201dnormal\u201d background_blend__hover_enabled=\u201dnormal\u201d allow_player_pause__hover=\u201doff\u201d allow_player_pause__hover_enabled=\u201doff\u201d background_video_pause_outside_viewport__hover=\u201don\u201d background_video_pause_outside_viewport__hover_enabled=\u201don\u201d da_is_popup=\u201doff\u201d da_exit_intent=\u201doff\u201d da_has_close=\u201don\u201d da_alt_close=\u201doff\u201d da_dark_close=\u201doff\u201d da_not_modal=\u201don\u201d da_is_singular=\u201doff\u201d da_with_loader=\u201doff\u201d da_has_shadow=\u201don\u201d][et_pb_row column_structure=\u201d1_2,1_2\u2033 _builder_version=\u201d4.14.2\u2033 _module_preset=\u201ddefault\u201d hover_enabled=\u201d0\u2033 locked=\u201doff\u201d global_colors_info=\u201d{}\u201d custom_margin=\u201d|auto|-82px|auto||\u201d custom_padding=\u201d0px|||||\u201d sticky_enabled=\u201d0\u2033][et_pb_column type=\u201d1_2\u2033 _builder_version=\u201d4.14.2\u2033 _module_preset=\u201ddefault\u201d global_colors_info=\u201d{}\u201d][et_pb_text _builder_version=\u201d4.14.2\u2033 text_font=\u201d||||||||\u201d text_line_height=\u201d2em\u201d header_font=\u201d||||||||\u201d header_2_font=\u201dPrata||||||||\u201d header_3_font=\u201dPrata||||||||\u201d header_3_font_size=\u201d20px\u201d header_3_line_height=\u201d1.6em\u201d custom_margin=\u201d1px||||false|false\u201d custom_margin_tablet=\u201d30px||||false|false\u201d custom_margin_phone=\u201d0px||||false|false\u201d custom_margin_last_edited=\u201don|phone\u201d custom_padding=\u201d4px|||||\u201d link_option_url=\u201d#\u201d locked=\u201doff\u201d global_colors_info=\u201d{}\u201d text_text_color__hover=\u201d#ff7a6b\u201d header_3_text_color__hover=\u201d#ff7a6b\u201d header_4_font_size__hover=\u201d18px\u201d header_4_font_size__hover_enabled=\u201d18px\u201d header_4_letter_spacing__hover=\u201d0px\u201d header_4_letter_spacing__hover_enabled=\u201d0px\u201d header_4_line_height__hover=\u201d1em\u201d header_4_line_height__hover_enabled=\u201d1em\u201d header_4_text_shadow_style__hover=\u201dnone\u201d header_4_text_shadow_style__hover_enabled=\u201dnone\u201d header_4_text_shadow_color__hover=\u201drgba(0,0,0,0.4)\u201d header_4_text_shadow_color__hover_enabled=\u201drgba(0,0,0,0.4)\u201d]<\/p>\n<h2>Exosomes<\/h2>\n<p>Pr\u00e9curseur des cellules souches, les exosomes contiennent 380 facteurs de croissance, 30 formes de collag\u00e8ne et sept principes actifs. <span>Les exosomes sont des signaux \u00e9mis par nos cellules souches pour transmettre \u00e0 la peau les messages cl\u00e9s de l&#039;organisme, notamment le besoin de r\u00e9paration et de r\u00e9g\u00e9n\u00e9ration des tissus. Ils constituent donc le compl\u00e9ment id\u00e9al de nombre de nos soins anti-\u00e2ge et de rajeunissement cutan\u00e9.<\/span><\/p>\n<p>[\/et_pb_text][et_pb_button button_url=\u201d@ET-DC@eyJkeW5hbWljIjp0cnVlLCJjb250ZW50IjoicG9zdF9saW5rX3VybF9wYWdlIiwic2V0dGluZ3MiOnsicG9zdF9pZCI6IjIzMjcxIn19@\u201d button_text=\u201dVisiter la page\u201d button_alignment=\u201dleft\u201d _builder_version=\u201d4.14.2\u2033 _dynamic_attributes=\u201dbutton_url\u201d custom_button=\u201don\u201d button_text_size=\u201d12px\u201d button_text_color=\u201d#ffffff\u201d button_bg_color=\u201d#000000\u2033 button_border_width=\u201d0px\u201d button_border_radius=\u201d0px\u201d button_letter_spacing=\u201d3px\u201d button_font=\u201dOuvrir Sans|700||on|||||\u201d custom_padding=\u201d20px|30px|20px|30px|true|true\u201d locked=\u201doff\u201d global_colors_info=\u201d{}\u201d button_text_color__hover_enabled=\u201don|desktop\u201d button_text_color__hover=\u201d#ffffff\u201d button_bg_color__hover_enabled=\u201don|desktop\u201d button_bg_color__hover=\u201drgba(0,0,0,0.76)\u201d custom_padding__hover_enabled=\u201don\u201d custom_padding__hover=\u201d|40px||||false\u201d button_bg_enable_color__hover=\u201don\u201d][\/et_pb_button][\/et_pb_column][et_pb_column _builder_version=\u201d4.14.2\u2033 _module_preset=\u201ddefault\u201d type=\u201d1_2\u2033][et_pb_text _builder_version=\u201d4.14.2\u2033 text_font=\u201d||||||||\u201d text_line_height=\u201d2em\u201d header_font=\u201d||||||||\u201d header_2_font=\u201dPrata||||||||\u201d header_3_font=\u201dPrata||||||||\u201d header_3_font_size=\u201d20px\u201d header_3_line_height=\u201d1.6em\u201d custom_margin=\u201d2px|||false|false\u201d custom_margin_tablet=\u201d30px|||false|false\u201d custom_margin_phone=\u201d0px||||false|false\u201d custom_margin_last_edited=\u201don|phone\u201d custom_padding=\u201d8px||||\u201d link_option_url=\u201d#\u201d locked=\u201doff\u201d global_colors_info=\u201d{}\u201d text_text_color__hover=\u201d#ff7a6b\u201d header_3_text_color__hover=\u201d#ff7a6b\u201d header_4_font_size__hover=\u201d18px\u201d header_4_font_size__hover_enabled=\u201d18px\u201d header_4_letter_spacing__hover=\u201d0px\u201d header_4_letter_spacing__hover_enabled=\u201d0px\u201d header_4_line_height__hover=\u201d1em\u201d header_4_line_height__hover_enabled=\u201d1em\u201d header_4_text_shadow_style__hover=\u201dnone\u201d header_4_text_shadow_style__hover_enabled=\u201dnone\u201d header_4_text_shadow_color__hover=\u201drgba(0,0,0,0.4)\u201d header_4_text_shadow_color__hover_enabled=\u201drgba(0,0,0,0.4)\u201d min_height=\u201d181.5px\u201d]<\/p>\n<h2><span style=\"font-weight: 400;\"><span>Calecim<span style=\"font-size: x-small; font-family: inherit; font-weight: normal;\"><sup>\u00ae<\/sup><\/span> Cellules souches pour le visage<\/span><\/span><\/h2>\n<p>Issues de plus de dix ans de recherche, les cellules souches Calecim sont uniques car elles contiennent une forte concentration de facteurs de croissance et de cytokines sp\u00e9cialis\u00e9s capables de stimuler la r\u00e9g\u00e9n\u00e9ration et la r\u00e9paration cellulaires. Il a \u00e9t\u00e9 d\u00e9montr\u00e9 qu&#039;elles am\u00e9liorent la texture, la tonicit\u00e9 et la fermet\u00e9 de la peau, ainsi que l&#039;apparence des rides et ridules.<\/p>\n<p>[\/et_pb_text][et_pb_button button_url=\u201d@ET-DC@eyJkeW5hbWljIjp0cnVlLCJjb250ZW50IjoicG9zdF9saW5rX3VybF9wYWdlIiwic2V0dGluZ3MiOnsicG9zdF9pZCI6IjE5NzI3In19@\u201d button_text=\u201dVisiter la page\u201d button_alignment=\u201dleft\u201d _builder_version=\u201d4.14.2\u2033 _dynamic_attributes=\u201dbutton_url\u201d custom_button=\u201don\u201d button_text_size=\u201d12px\u201d button_text_color=\u201d#ffffff\u201d button_bg_color=\u201d#000000\u2033 button_border_width=\u201d0px\u201d button_border_radius=\u201d0px\u201d button_letter_spacing=\u201d3px\u201d button_font=\u201dOuvrir Sans|700||on|||||\u201d custom_padding=\u201d20px|30px|20px|30px|true|true\u201d locked=\u201doff\u201d global_colors_info=\u201d{}\u201d button_text_color__hover_enabled=\u201don|desktop\u201d button_text_color__hover=\u201d#ffffff\u201d button_bg_color__hover_enabled=\u201don|desktop\u201d button_bg_color__hover=\u201drgba(0,0,0,0.76)\u201d custom_padding__hover_enabled=\u201don\u201d custom_padding__hover=\u201d|40px||||false\u201d button_bg_enable_color__hover=\u201don\u201d][\/et_pb_button][\/et_pb_column][\/et_pb_row][\/et_pb_section][et_pb_section fb_built=\u201d1\u2033 custom_padding_last_edited=\u201don|phone\u201d admin_label=\u201dFooter\u201d _builder_version=\u201d4.14.2\u2033 background_color=\u201d#000000\u2033 background_image=\u201dhttps:\/\/drpreema.com\/wp-content\/uploads\/2022\/02\/DRPREEMA_NEWCLINIC_SEPT-01098-72dpi.jpg\u201d background_enable_image=\u201doff\u201d custom_padding=\u201d0vw|10vw|2vw|0px|false|false\u201d custom_padding_tablet=\u201d\u201d custom_padding_phone=\u201d0vw|10vw|1vw|0px|false|false\u201d da_disable_devices=\u201doff|off|off\u201d global_module=\u201d4485\u2033 saved_tabs=\u201dall\u201d global_colors_info=\u201d{}\u201d da_is_popup=\u201doff\u201d da_exit_intent=\u201doff\u201d da_has_close=\u201don\u201d da_alt_close=\u201doff\u201d da_dark_close=\u201doff\u201d da_not_modal=\u201don\u201d da_is_singular=\u201doff\u201d da_with_loader=\u201doff\u201d da_has_shadow=\u201don\u201d][et_pb_row _builder_version=\u201d3.25\u2033 min_height=\u201d119px\u201d custom_margin=\u201d20px||20px||true\u201d global_colors_info=\u201d{}\u201d][et_pb_column type=\u201d4_4\u2033 _builder_version=\u201d3.25\u2033 custom_padding=\u201d|||\u201d global_colors_info=\u201d{}\u201d custom_padding__hover=\u201d|||\u201d][et_pb_social_media_follow _builder_version=\u201d4.5.6\u2033 text_orientation=\u201dcenter\u201d border_radii=\u201don|100px|100px|100px|100px\u201d global_colors_info=\u201d{}\u201d][et_pb_social_media_follow_network social_network=\u201dfacebook\u201d url=\u201dhttps:\/\/www.facebook.com\/drpreema\/\u201d _builder_version=\u201d4.5.6\u2033 background_color=\u201drgba(0,0,0,0.68)\u201d background_enable_color=\u201don\u201d custom_margin=\u201d|5px||5px||true\u201d custom_padding=\u201d10px|10px|10px|10px|true|true\u201d global_colors_info=\u201d{}\u201d follow_button=\u201doff\u201d url_new_window=\u201don\u201d]facebook[\/et_pb_social_media_follow_network][et_pb_social_media_follow_network social_network=\u201dtwitter\u201d url=\u201dhttps:\/\/twitter.com\/drpreema\u201d _builder_version=\u201d4.5.6\u2033 background_color=\u201drgba(0,0,0,0.68)\u201d background_enable_color=\u201don\u201d custom_margin=\u201d|5px||5px||true\u201d custom_padding=\u201d10px|10px|10px|10px|true|true\u201d global_colors_info=\u201d{}\u201d follow_button=\u201doff\u201d url_new_window=\u201don\u201d]twitter[\/et_pb_social_media_follow_network][et_pb_social_media_follow_network social_network=\u201dinstagram\u201d url=\u201dhttps:\/\/www.instagram.com\/drpreema\/\u201d _builder_version=\u201d4.5.6\u2033 background_color=\u201drgba(0,0,0,0.68)\u201d background_enable_color=\u201don\u201d custom_margin=\u201d|5px||5px||true\u201d custom_padding=\u201d10px|10px|10px|10px|true|true\u201d global_colors_info=\u201d{}\u201d follow_button=\u201doff\u201d url_new_window=\u201don\u201d]instagram[\/et_pb_social_media_follow_network][\/et_pb_social_media_follow][\/et_pb_column][\/et_pb_row][\/et_pb_section][et_pb_section fb_built=\u201d1\u2033 _builder_version=\u201d4.4.7\u2033 background_color=\u201d#000000\u2033 width=\u201d100%\u201d min_height=\u201d313.8px\u201d custom_padding=\u201d0px||4px|||\u201d da_disable_devices=\u201doff|off|off\u201d global_module=\u201d3029\u2033 global_colors_info=\u201d{}\u201d da_is_popup=\u201doff\u201d da_exit_intent=\u201doff\u201d da_has_close=\u201don\u201d da_alt_close=\u201doff\u201d da_dark_close=\u201doff\u201d da_not_modal=\u201don\u201d da_is_singular=\u201doff\u201d da_with_loader=\u201doff\u201d da_has_shadow=\u201don\u201d][et_pb_row column_structure=\u201d1_3,1_3,1_3\u2033 _builder_version=\u201d4.5.6\u2033 global_colors_info=\u201d{}\u201d][et_pb_column type=\u201d1_3\u2033 _builder_version=\u201d4.4.7\u2033 global_colors_info=\u201d{}\u201d][et_pb_text _builder_version=\u201d4.5.6\u2033 text_text_color=\u201d#ffffff\u201d link_text_color=\u201d#a3a3a3\u2033 header_text_color=\u201d#ffffff\u201d global_colors_info=\u201d{}\u201d]<\/p>\n<p><strong>LIENS DU SITE<\/strong><\/p>\n<p><a href=\"https:\/\/drpreema.com\/fr\/contact\/\" title=\"Contactez-nous\">Contactez-nous<\/a><\/p>\n<p><a href=\"https:\/\/drpreema.com\/fr\/a-propos\/\" title=\"\u00c0 propos de nous\">\u00c0 propos de nous<\/a><\/p>\n<p><a href=\"https:\/\/drpreema.com\/fr\/traitements\/\" title=\"Traitements\">Traitements<\/a><\/p>\n<p><a href=\"https:\/\/drpreema.com\/fr\/presse\/\" title=\"Presse\">Presse<\/a><\/p>\n<p><a href=\"https:\/\/drpreema.com\/fr\/blog\/\" title=\"Blog\">Blog<\/a><\/p>\n<p>[\/et_pb_text][\/et_pb_column][et_pb_column type=\u201d1_3\u2033 _builder_version=\u201d4.4.7\u2033 global_colors_info=\u201d{}\u201d][et_pb_text _builder_version=\u201d4.14.2\u2033 text_text_color=\u201d#b3b3b3\u2033 link_text_color=\u201d#b3b3b3\u2033 header_text_color=\u201d#a3a3a3\u2033 global_colors_info=\u201d{}\u201d]&nbsp;<\/p>\n<p><a href=\"https:\/\/drpreema.com\/fr\/politique-de-confidentialite\/\" title=\"politique de confidentialit\u00e9\">politique de confidentialit\u00e9<\/a><\/p>\n<p><a href=\"https:\/\/drpreema.com\/fr\/termes-et-conditions\/\" title=\"Conditions g\u00e9n\u00e9rales\">Conditions g\u00e9n\u00e9rales<\/a><\/p>\n<p><a href=\"https:\/\/drpreema.com\/fr\/prendre-rendez-vous\/\" title=\"R\u00e9server un soin\">R\u00e9server un soin<\/a><\/p>\n<p><a href=\"https:\/\/drpreema.com\/fr\/suite-de-formation\/\" title=\"Location de salle de formation\">Location de salle<\/a><\/p>\n<p><a href=\"https:\/\/drpreema.com\/fr\/a-propos\/suite-de-formation\/\" title=\"Location de salle de formation\">Suite de formation<\/a>[\/et_pb_text][\/et_pb_column][et_pb_column type=\u201d1_3\u2033 _builder_version=\u201d4.14.2\u2033 custom_padding=\u201d||0px||false|false\u201d global_colors_info=\u201d{}\u201d][et_pb_text _builder_version=\u201d4.14.2\u2033 text_font=\u201dMontserrat|500|||||||\u201d text_line_height=\u201d0.8em\u201d header_line_height=\u201d1.4em\u201d header_2_font_size=\u201d24px\u201d custom_margin=\u201d0px||0px||false|false\u201d custom_padding=\u201d0px||0px||false|false\u201d inline_fonts=\u201dPrata, Montserrat\u201d global_colors_info=\u201d{}\u201d]<\/p>\n<div class=\"et_pb_module et_pb_text et_pb_text_3  et_pb_text_align_left et_pb_bg_layout_light et_had_animation\">\n<p><a href=\"tel:+4402072210043\" title=\"Num\u00e9ro de t\u00e9l\u00e9phone\"><span style=\"font-family: Montserrat; font-weight: normal; font-size: x-large; color: #ffffff;\"><strong><span style=\"font-family: Montserrat;\">+44 (0)20 7221 0043<\/span><\/strong><\/span><\/a><\/p>\n<p><span style=\"font-family: Montserrat; font-weight: normal; font-size: x-large; color: #ffffff;\"><strong><span style=\"font-family: Montserrat;\">+447391153225<\/span><\/strong><span style=\"font-size: medium; color: #ffffff;\"> \u2013 WhatsApp uniquement<\/span><\/span><\/p>\n<p><span style=\"font-family: Montserrat; font-weight: normal; font-size: x-large; color: #ffffff;\"><span style=\"font-size: medium; color: #ffffff;\"><\/span><\/span><span style=\"font-family: Montserrat; font-weight: normal; font-size: small; color: #ffffff;\"><strong>Clinique du Dr Preema \u00e0 Londres<\/strong><\/span><\/p>\n<p><span style=\"font-family: Montserrat; font-weight: normal; font-size: small; color: #ffffff;\">Maison Avenfield<\/span><\/p>\n<p><span style=\"font-family: Montserrat; font-weight: normal; font-size: small; color: #ffffff;\">118-127 Park Lane<\/span><\/p>\n<p><span style=\"font-family: Montserrat; font-weight: normal; font-size: small; color: #ffffff;\">Mayfair<\/span><\/p>\n<p><span style=\"font-family: Montserrat; font-weight: normal; font-size: small; color: #ffffff;\">Londres<\/span><\/p>\n<p><span style=\"font-family: Montserrat; font-weight: normal; font-size: small; color: #ffffff;\">W1K 7AF<\/span><\/p>\n<\/div>\n<p>[\/et_pb_text][\/et_pb_column][\/et_pb_row][\/et_pb_section]<\/p>","protected":false},"excerpt":{"rendered":"<p>Cellules souches et exosomes. Pr\u00e9curseurs des cellules souches, les exosomes contiennent 380 facteurs de croissance, 30 formes de collag\u00e8ne et sept principes actifs. Les exosomes sont des signaux \u00e9mis par nos cellules souches pour transmettre \u00e0 la peau les messages cl\u00e9s de l&#039;organisme, notamment les besoins de r\u00e9paration et de r\u00e9g\u00e9n\u00e9ration des tissus. Ils sont donc le compl\u00e9ment id\u00e9al de [\u2026]<\/p>","protected":false},"author":5,"featured_media":0,"parent":91,"menu_order":5,"comment_status":"closed","ping_status":"closed","template":"","meta":{"_seopress_robots_primary_cat":"","_seopress_titles_title":"Stem Cell & Exosome Treatments | Dr Preema London Clinic","_seopress_titles_desc":"Rejuvenate skin with cutting-edge stem cell and exosome facial treatments at Dr Preema London Clinic. Boost collagen and give a radiant glow.","_seopress_robots_index":"","_et_pb_use_builder":"on","_et_pb_old_content":"","_et_gb_content_width":"","_monsterinsights_skip_tracking":false,"_monsterinsights_sitenote_active":false,"_monsterinsights_sitenote_note":"","_monsterinsights_sitenote_category":0,"footnotes":""},"class_list":["post-23290","page","type-page","status-publish"],"jetpack_sharing_enabled":true,"_links":{"self":[{"href":"https:\/\/drpreema.com\/fr\/wp-json\/wp\/v2\/pages\/23290","targetHints":{"allow":["GET"]}}],"collection":[{"href":"https:\/\/drpreema.com\/fr\/wp-json\/wp\/v2\/pages"}],"about":[{"href":"https:\/\/drpreema.com\/fr\/wp-json\/wp\/v2\/types\/page"}],"author":[{"embeddable":true,"href":"https:\/\/drpreema.com\/fr\/wp-json\/wp\/v2\/users\/5"}],"replies":[{"embeddable":true,"href":"https:\/\/drpreema.com\/fr\/wp-json\/wp\/v2\/comments?post=23290"}],"version-history":[{"count":13,"href":"https:\/\/drpreema.com\/fr\/wp-json\/wp\/v2\/pages\/23290\/revisions"}],"predecessor-version":[{"id":47708,"href":"https:\/\/drpreema.com\/fr\/wp-json\/wp\/v2\/pages\/23290\/revisions\/47708"}],"up":[{"embeddable":true,"href":"https:\/\/drpreema.com\/fr\/wp-json\/wp\/v2\/pages\/91"}],"wp:attachment":[{"href":"https:\/\/drpreema.com\/fr\/wp-json\/wp\/v2\/media?parent=23290"}],"curies":[{"name":"wp","href":"https:\/\/api.w.org\/{rel}","templated":true}]}}